{"id":835,"date":"2022-11-21T07:52:37","date_gmt":"2022-11-21T06:52:37","guid":{"rendered":"https:\/\/fluxfluor.com\/se\/?post_type=product&#038;p=835"},"modified":"2025-02-26T10:10:40","modified_gmt":"2025-02-26T09:10:40","slug":"flux-prevent-plaque","status":"publish","type":"product","link":"https:\/\/fluxfluor.com\/se\/produkt\/flux-prevent-plaque\/","title":{"rendered":"Flux+ Prevent Plaque"},"content":{"rendered":"","protected":false},"excerpt":{"rendered":"","protected":false},"featured_media":1232,"comment_status":"closed","ping_status":"closed","template":"","meta":{"_acf_changed":false,"footnotes":""},"product_brand":[],"product_cat":[19],"product_tag":[],"class_list":{"0":"post-835","1":"product","2":"type-product","3":"status-publish","4":"has-post-thumbnail","6":"product_cat-flux-plus","8":"first","9":"instock","10":"shipping-taxable","11":"product-type-simple"},"acf":[],"yoast_head":"<!-- This site is optimized with the Yoast SEO plugin v26.6 - https:\/\/yoast.com\/wordpress\/plugins\/seo\/ -->\n<title>Flux+ Prevent Plaque - Flux<\/title>\n<meta name=\"description\" content=\"Flux Prevent Plaque \u00e4r en munsk\u00f6lj som har tv\u00e5 effekter: Den f\u00f6rebygger och motverkar plack. Den st\u00e4rker tandytan och f\u00f6rebygger karies.\" \/>\n<meta name=\"robots\" content=\"index, follow, max-snippet:-1, max-image-preview:large, max-video-preview:-1\" \/>\n<link rel=\"canonical\" href=\"https:\/\/fluxfluor.com\/se\/produkt\/flux-prevent-plaque\/\" \/>\n<meta property=\"og:locale\" content=\"sv_SE\" \/>\n<meta property=\"og:type\" content=\"article\" \/>\n<meta property=\"og:title\" content=\"Flux+ Prevent Plaque - Flux\" \/>\n<meta property=\"og:description\" content=\"Flux Prevent Plaque \u00e4r en munsk\u00f6lj som har tv\u00e5 effekter: Den f\u00f6rebygger och motverkar plack. Den st\u00e4rker tandytan och f\u00f6rebygger karies.\" \/>\n<meta property=\"og:url\" content=\"https:\/\/fluxfluor.com\/se\/produkt\/flux-prevent-plaque\/\" \/>\n<meta property=\"og:site_name\" content=\"Flux\" \/>\n<meta property=\"article:modified_time\" content=\"2025-02-26T09:10:40+00:00\" \/>\n<meta property=\"og:image\" content=\"https:\/\/fluxfluor.com\/app\/uploads\/sites\/2\/2022\/11\/SV_Prevent_Plaque.png\" \/>\n\t<meta property=\"og:image:width\" content=\"800\" \/>\n\t<meta property=\"og:image:height\" content=\"800\" \/>\n\t<meta property=\"og:image:type\" content=\"image\/png\" \/>\n<meta name=\"twitter:card\" content=\"summary_large_image\" \/>\n<meta name=\"twitter:label1\" content=\"Ber\u00e4knad l\u00e4stid\" \/>\n\t<meta name=\"twitter:data1\" content=\"1 minut\" \/>\n<script type=\"application\/ld+json\" class=\"yoast-schema-graph\">{\"@context\":\"https:\/\/schema.org\",\"@graph\":[{\"@type\":\"WebPage\",\"@id\":\"https:\/\/fluxfluor.com\/se\/produkt\/flux-prevent-plaque\/\",\"url\":\"https:\/\/fluxfluor.com\/se\/produkt\/flux-prevent-plaque\/\",\"name\":\"Flux+ Prevent Plaque - Flux\",\"isPartOf\":{\"@id\":\"https:\/\/fluxfluor.com\/se\/#website\"},\"primaryImageOfPage\":{\"@id\":\"https:\/\/fluxfluor.com\/se\/produkt\/flux-prevent-plaque\/#primaryimage\"},\"image\":{\"@id\":\"https:\/\/fluxfluor.com\/se\/produkt\/flux-prevent-plaque\/#primaryimage\"},\"thumbnailUrl\":\"https:\/\/fluxfluor.com\/app\/uploads\/sites\/2\/2022\/11\/SV_Prevent_Plaque.png\",\"datePublished\":\"2022-11-21T06:52:37+00:00\",\"dateModified\":\"2025-02-26T09:10:40+00:00\",\"description\":\"Flux Prevent Plaque \u00e4r en munsk\u00f6lj som har tv\u00e5 effekter: Den f\u00f6rebygger och motverkar plack. Den st\u00e4rker tandytan och f\u00f6rebygger karies.\",\"breadcrumb\":{\"@id\":\"https:\/\/fluxfluor.com\/se\/produkt\/flux-prevent-plaque\/#breadcrumb\"},\"inLanguage\":\"sv-SE\",\"potentialAction\":[{\"@type\":\"ReadAction\",\"target\":[\"https:\/\/fluxfluor.com\/se\/produkt\/flux-prevent-plaque\/\"]}]},{\"@type\":\"ImageObject\",\"inLanguage\":\"sv-SE\",\"@id\":\"https:\/\/fluxfluor.com\/se\/produkt\/flux-prevent-plaque\/#primaryimage\",\"url\":\"https:\/\/fluxfluor.com\/app\/uploads\/sites\/2\/2022\/11\/SV_Prevent_Plaque.png\",\"contentUrl\":\"https:\/\/fluxfluor.com\/app\/uploads\/sites\/2\/2022\/11\/SV_Prevent_Plaque.png\",\"width\":800,\"height\":800,\"caption\":\"Flux+ Prevent Plague\"},{\"@type\":\"BreadcrumbList\",\"@id\":\"https:\/\/fluxfluor.com\/se\/produkt\/flux-prevent-plaque\/#breadcrumb\",\"itemListElement\":[{\"@type\":\"ListItem\",\"position\":1,\"name\":\"Home\",\"item\":\"https:\/\/fluxfluor.com\/se\/\"},{\"@type\":\"ListItem\",\"position\":2,\"name\":\"Produkter\",\"item\":\"https:\/\/fluxfluor.com\/se\/produkter\/\"},{\"@type\":\"ListItem\",\"position\":3,\"name\":\"Flux+ Prevent Plaque\"}]},{\"@type\":\"WebSite\",\"@id\":\"https:\/\/fluxfluor.com\/se\/#website\",\"url\":\"https:\/\/fluxfluor.com\/se\/\",\"name\":\"Flux\",\"description\":\"\",\"publisher\":{\"@id\":\"https:\/\/fluxfluor.com\/se\/#organization\"},\"potentialAction\":[{\"@type\":\"SearchAction\",\"target\":{\"@type\":\"EntryPoint\",\"urlTemplate\":\"https:\/\/fluxfluor.com\/se\/?s={search_term_string}\"},\"query-input\":{\"@type\":\"PropertyValueSpecification\",\"valueRequired\":true,\"valueName\":\"search_term_string\"}}],\"inLanguage\":\"sv-SE\"},{\"@type\":\"Organization\",\"@id\":\"https:\/\/fluxfluor.com\/se\/#organization\",\"name\":\"Flux\",\"url\":\"https:\/\/fluxfluor.com\/se\/\",\"logo\":{\"@type\":\"ImageObject\",\"inLanguage\":\"sv-SE\",\"@id\":\"https:\/\/fluxfluor.com\/se\/#\/schema\/logo\/image\/\",\"url\":\"https:\/\/fluxfluor.com\/app\/uploads\/sites\/2\/2022\/06\/flux-logotype.png\",\"contentUrl\":\"https:\/\/fluxfluor.com\/app\/uploads\/sites\/2\/2022\/06\/flux-logotype.png\",\"width\":130,\"height\":32,\"caption\":\"Flux\"},\"image\":{\"@id\":\"https:\/\/fluxfluor.com\/se\/#\/schema\/logo\/image\/\"}}]}<\/script>\n<!-- \/ Yoast SEO plugin. -->","yoast_head_json":{"title":"Flux+ Prevent Plaque - Flux","description":"Flux Prevent Plaque \u00e4r en munsk\u00f6lj som har tv\u00e5 effekter: Den f\u00f6rebygger och motverkar plack. Den st\u00e4rker tandytan och f\u00f6rebygger karies.","robots":{"index":"index","follow":"follow","max-snippet":"max-snippet:-1","max-image-preview":"max-image-preview:large","max-video-preview":"max-video-preview:-1"},"canonical":"https:\/\/fluxfluor.com\/se\/produkt\/flux-prevent-plaque\/","og_locale":"sv_SE","og_type":"article","og_title":"Flux+ Prevent Plaque - Flux","og_description":"Flux Prevent Plaque \u00e4r en munsk\u00f6lj som har tv\u00e5 effekter: Den f\u00f6rebygger och motverkar plack. Den st\u00e4rker tandytan och f\u00f6rebygger karies.","og_url":"https:\/\/fluxfluor.com\/se\/produkt\/flux-prevent-plaque\/","og_site_name":"Flux","article_modified_time":"2025-02-26T09:10:40+00:00","og_image":[{"width":800,"height":800,"url":"https:\/\/fluxfluor.com\/app\/uploads\/sites\/2\/2022\/11\/SV_Prevent_Plaque.png","type":"image\/png"}],"twitter_card":"summary_large_image","twitter_misc":{"Ber\u00e4knad l\u00e4stid":"1 minut"},"schema":{"@context":"https:\/\/schema.org","@graph":[{"@type":"WebPage","@id":"https:\/\/fluxfluor.com\/se\/produkt\/flux-prevent-plaque\/","url":"https:\/\/fluxfluor.com\/se\/produkt\/flux-prevent-plaque\/","name":"Flux+ Prevent Plaque - Flux","isPartOf":{"@id":"https:\/\/fluxfluor.com\/se\/#website"},"primaryImageOfPage":{"@id":"https:\/\/fluxfluor.com\/se\/produkt\/flux-prevent-plaque\/#primaryimage"},"image":{"@id":"https:\/\/fluxfluor.com\/se\/produkt\/flux-prevent-plaque\/#primaryimage"},"thumbnailUrl":"https:\/\/fluxfluor.com\/app\/uploads\/sites\/2\/2022\/11\/SV_Prevent_Plaque.png","datePublished":"2022-11-21T06:52:37+00:00","dateModified":"2025-02-26T09:10:40+00:00","description":"Flux Prevent Plaque \u00e4r en munsk\u00f6lj som har tv\u00e5 effekter: Den f\u00f6rebygger och motverkar plack. Den st\u00e4rker tandytan och f\u00f6rebygger karies.","breadcrumb":{"@id":"https:\/\/fluxfluor.com\/se\/produkt\/flux-prevent-plaque\/#breadcrumb"},"inLanguage":"sv-SE","potentialAction":[{"@type":"ReadAction","target":["https:\/\/fluxfluor.com\/se\/produkt\/flux-prevent-plaque\/"]}]},{"@type":"ImageObject","inLanguage":"sv-SE","@id":"https:\/\/fluxfluor.com\/se\/produkt\/flux-prevent-plaque\/#primaryimage","url":"https:\/\/fluxfluor.com\/app\/uploads\/sites\/2\/2022\/11\/SV_Prevent_Plaque.png","contentUrl":"https:\/\/fluxfluor.com\/app\/uploads\/sites\/2\/2022\/11\/SV_Prevent_Plaque.png","width":800,"height":800,"caption":"Flux+ Prevent Plague"},{"@type":"BreadcrumbList","@id":"https:\/\/fluxfluor.com\/se\/produkt\/flux-prevent-plaque\/#breadcrumb","itemListElement":[{"@type":"ListItem","position":1,"name":"Home","item":"https:\/\/fluxfluor.com\/se\/"},{"@type":"ListItem","position":2,"name":"Produkter","item":"https:\/\/fluxfluor.com\/se\/produkter\/"},{"@type":"ListItem","position":3,"name":"Flux+ Prevent Plaque"}]},{"@type":"WebSite","@id":"https:\/\/fluxfluor.com\/se\/#website","url":"https:\/\/fluxfluor.com\/se\/","name":"Flux","description":"","publisher":{"@id":"https:\/\/fluxfluor.com\/se\/#organization"},"potentialAction":[{"@type":"SearchAction","target":{"@type":"EntryPoint","urlTemplate":"https:\/\/fluxfluor.com\/se\/?s={search_term_string}"},"query-input":{"@type":"PropertyValueSpecification","valueRequired":true,"valueName":"search_term_string"}}],"inLanguage":"sv-SE"},{"@type":"Organization","@id":"https:\/\/fluxfluor.com\/se\/#organization","name":"Flux","url":"https:\/\/fluxfluor.com\/se\/","logo":{"@type":"ImageObject","inLanguage":"sv-SE","@id":"https:\/\/fluxfluor.com\/se\/#\/schema\/logo\/image\/","url":"https:\/\/fluxfluor.com\/app\/uploads\/sites\/2\/2022\/06\/flux-logotype.png","contentUrl":"https:\/\/fluxfluor.com\/app\/uploads\/sites\/2\/2022\/06\/flux-logotype.png","width":130,"height":32,"caption":"Flux"},"image":{"@id":"https:\/\/fluxfluor.com\/se\/#\/schema\/logo\/image\/"}}]}},"_links":{"self":[{"href":"https:\/\/fluxfluor.com\/se\/wp-json\/wp\/v2\/product\/835","targetHints":{"allow":["GET"]}}],"collection":[{"href":"https:\/\/fluxfluor.com\/se\/wp-json\/wp\/v2\/product"}],"about":[{"href":"https:\/\/fluxfluor.com\/se\/wp-json\/wp\/v2\/types\/product"}],"replies":[{"embeddable":true,"href":"https:\/\/fluxfluor.com\/se\/wp-json\/wp\/v2\/comments?post=835"}],"version-history":[{"count":9,"href":"https:\/\/fluxfluor.com\/se\/wp-json\/wp\/v2\/product\/835\/revisions"}],"predecessor-version":[{"id":1235,"href":"https:\/\/fluxfluor.com\/se\/wp-json\/wp\/v2\/product\/835\/revisions\/1235"}],"wp:featuredmedia":[{"embeddable":true,"href":"https:\/\/fluxfluor.com\/se\/wp-json\/wp\/v2\/media\/1232"}],"wp:attachment":[{"href":"https:\/\/fluxfluor.com\/se\/wp-json\/wp\/v2\/media?parent=835"}],"wp:term":[{"taxonomy":"product_brand","embeddable":true,"href":"https:\/\/fluxfluor.com\/se\/wp-json\/wp\/v2\/product_brand?post=835"},{"taxonomy":"product_cat","embeddable":true,"href":"https:\/\/fluxfluor.com\/se\/wp-json\/wp\/v2\/product_cat?post=835"},{"taxonomy":"product_tag","embeddable":true,"href":"https:\/\/fluxfluor.com\/se\/wp-json\/wp\/v2\/product_tag?post=835"}],"curies":[{"name":"wp","href":"https:\/\/api.w.org\/{rel}","templated":true}]}}