{"id":287,"date":"2022-06-16T08:31:18","date_gmt":"2022-06-16T06:31:18","guid":{"rendered":"https:\/\/fluxfluor.com\/se\/?post_type=product&#038;p=287"},"modified":"2026-04-02T09:45:24","modified_gmt":"2026-04-02T07:45:24","slug":"fludent","status":"publish","type":"product","link":"https:\/\/fluxfluor.com\/se\/produkt\/fludent\/","title":{"rendered":"Fludent"},"content":{"rendered":"","protected":false},"excerpt":{"rendered":"","protected":false},"featured_media":1352,"comment_status":"closed","ping_status":"closed","template":"","meta":{"_acf_changed":false,"footnotes":""},"product_brand":[],"product_cat":[18],"product_tag":[],"class_list":{"0":"post-287","1":"product","2":"type-product","3":"status-publish","4":"has-post-thumbnail","6":"product_cat-starka-tander","8":"first","9":"instock","10":"shipping-taxable","11":"product-type-simple"},"acf":[],"yoast_head":"<!-- This site is optimized with the Yoast SEO plugin v26.6 - https:\/\/yoast.com\/wordpress\/plugins\/seo\/ -->\n<title>Fludent - Flux<\/title>\n<meta name=\"description\" content=\"Fludent \u00e4r ett receptfritt l\u00e4kemedel som inneh\u00e5ller fluor. Det har varit v\u00e4lk\u00e4nt sedan 1940-talet att just fluor har en skyddande effekt mot karies. Det var d\u00e4rf\u00f6r man tog fram Fludent i Sverige 1963.\" \/>\n<meta name=\"robots\" content=\"index, follow, max-snippet:-1, max-image-preview:large, max-video-preview:-1\" \/>\n<link rel=\"canonical\" href=\"https:\/\/fluxfluor.com\/se\/produkt\/fludent\/\" \/>\n<meta property=\"og:locale\" content=\"sv_SE\" \/>\n<meta property=\"og:type\" content=\"article\" \/>\n<meta property=\"og:title\" content=\"Fludent - Flux\" \/>\n<meta property=\"og:description\" content=\"Fludent \u00e4r ett receptfritt l\u00e4kemedel som inneh\u00e5ller fluor. Det har varit v\u00e4lk\u00e4nt sedan 1940-talet att just fluor har en skyddande effekt mot karies. Det var d\u00e4rf\u00f6r man tog fram Fludent i Sverige 1963.\" \/>\n<meta property=\"og:url\" content=\"https:\/\/fluxfluor.com\/se\/produkt\/fludent\/\" \/>\n<meta property=\"og:site_name\" content=\"Flux\" \/>\n<meta property=\"article:modified_time\" content=\"2026-04-02T07:45:24+00:00\" \/>\n<meta property=\"og:image\" content=\"https:\/\/fluxfluor.com\/app\/uploads\/sites\/2\/2022\/06\/flux-fludent-2.png\" \/>\n\t<meta property=\"og:image:width\" content=\"1000\" \/>\n\t<meta property=\"og:image:height\" content=\"1000\" \/>\n\t<meta property=\"og:image:type\" content=\"image\/png\" \/>\n<meta name=\"twitter:card\" content=\"summary_large_image\" \/>\n<meta name=\"twitter:label1\" content=\"Ber\u00e4knad l\u00e4stid\" \/>\n\t<meta name=\"twitter:data1\" content=\"1 minut\" \/>\n<script type=\"application\/ld+json\" class=\"yoast-schema-graph\">{\"@context\":\"https:\/\/schema.org\",\"@graph\":[{\"@type\":\"WebPage\",\"@id\":\"https:\/\/fluxfluor.com\/se\/produkt\/fludent\/\",\"url\":\"https:\/\/fluxfluor.com\/se\/produkt\/fludent\/\",\"name\":\"Fludent - Flux\",\"isPartOf\":{\"@id\":\"https:\/\/fluxfluor.com\/se\/#website\"},\"primaryImageOfPage\":{\"@id\":\"https:\/\/fluxfluor.com\/se\/produkt\/fludent\/#primaryimage\"},\"image\":{\"@id\":\"https:\/\/fluxfluor.com\/se\/produkt\/fludent\/#primaryimage\"},\"thumbnailUrl\":\"https:\/\/fluxfluor.com\/app\/uploads\/sites\/2\/2022\/06\/flux-fludent-2.png\",\"datePublished\":\"2022-06-16T06:31:18+00:00\",\"dateModified\":\"2026-04-02T07:45:24+00:00\",\"description\":\"Fludent \u00e4r ett receptfritt l\u00e4kemedel som inneh\u00e5ller fluor. Det har varit v\u00e4lk\u00e4nt sedan 1940-talet att just fluor har en skyddande effekt mot karies. Det var d\u00e4rf\u00f6r man tog fram Fludent i Sverige 1963.\",\"breadcrumb\":{\"@id\":\"https:\/\/fluxfluor.com\/se\/produkt\/fludent\/#breadcrumb\"},\"inLanguage\":\"sv-SE\",\"potentialAction\":[{\"@type\":\"ReadAction\",\"target\":[\"https:\/\/fluxfluor.com\/se\/produkt\/fludent\/\"]}]},{\"@type\":\"ImageObject\",\"inLanguage\":\"sv-SE\",\"@id\":\"https:\/\/fluxfluor.com\/se\/produkt\/fludent\/#primaryimage\",\"url\":\"https:\/\/fluxfluor.com\/app\/uploads\/sites\/2\/2022\/06\/flux-fludent-2.png\",\"contentUrl\":\"https:\/\/fluxfluor.com\/app\/uploads\/sites\/2\/2022\/06\/flux-fludent-2.png\",\"width\":1000,\"height\":1000,\"caption\":\"Flux fludent\"},{\"@type\":\"BreadcrumbList\",\"@id\":\"https:\/\/fluxfluor.com\/se\/produkt\/fludent\/#breadcrumb\",\"itemListElement\":[{\"@type\":\"ListItem\",\"position\":1,\"name\":\"Home\",\"item\":\"https:\/\/fluxfluor.com\/se\/\"},{\"@type\":\"ListItem\",\"position\":2,\"name\":\"Produkter\",\"item\":\"https:\/\/fluxfluor.com\/se\/produkter\/\"},{\"@type\":\"ListItem\",\"position\":3,\"name\":\"Fludent\"}]},{\"@type\":\"WebSite\",\"@id\":\"https:\/\/fluxfluor.com\/se\/#website\",\"url\":\"https:\/\/fluxfluor.com\/se\/\",\"name\":\"Flux\",\"description\":\"\",\"publisher\":{\"@id\":\"https:\/\/fluxfluor.com\/se\/#organization\"},\"potentialAction\":[{\"@type\":\"SearchAction\",\"target\":{\"@type\":\"EntryPoint\",\"urlTemplate\":\"https:\/\/fluxfluor.com\/se\/?s={search_term_string}\"},\"query-input\":{\"@type\":\"PropertyValueSpecification\",\"valueRequired\":true,\"valueName\":\"search_term_string\"}}],\"inLanguage\":\"sv-SE\"},{\"@type\":\"Organization\",\"@id\":\"https:\/\/fluxfluor.com\/se\/#organization\",\"name\":\"Flux\",\"url\":\"https:\/\/fluxfluor.com\/se\/\",\"logo\":{\"@type\":\"ImageObject\",\"inLanguage\":\"sv-SE\",\"@id\":\"https:\/\/fluxfluor.com\/se\/#\/schema\/logo\/image\/\",\"url\":\"https:\/\/fluxfluor.com\/app\/uploads\/sites\/2\/2022\/06\/flux-logotype.png\",\"contentUrl\":\"https:\/\/fluxfluor.com\/app\/uploads\/sites\/2\/2022\/06\/flux-logotype.png\",\"width\":130,\"height\":32,\"caption\":\"Flux\"},\"image\":{\"@id\":\"https:\/\/fluxfluor.com\/se\/#\/schema\/logo\/image\/\"}}]}<\/script>\n<!-- \/ Yoast SEO plugin. -->","yoast_head_json":{"title":"Fludent - Flux","description":"Fludent \u00e4r ett receptfritt l\u00e4kemedel som inneh\u00e5ller fluor. Det har varit v\u00e4lk\u00e4nt sedan 1940-talet att just fluor har en skyddande effekt mot karies. Det var d\u00e4rf\u00f6r man tog fram Fludent i Sverige 1963.","robots":{"index":"index","follow":"follow","max-snippet":"max-snippet:-1","max-image-preview":"max-image-preview:large","max-video-preview":"max-video-preview:-1"},"canonical":"https:\/\/fluxfluor.com\/se\/produkt\/fludent\/","og_locale":"sv_SE","og_type":"article","og_title":"Fludent - Flux","og_description":"Fludent \u00e4r ett receptfritt l\u00e4kemedel som inneh\u00e5ller fluor. Det har varit v\u00e4lk\u00e4nt sedan 1940-talet att just fluor har en skyddande effekt mot karies. Det var d\u00e4rf\u00f6r man tog fram Fludent i Sverige 1963.","og_url":"https:\/\/fluxfluor.com\/se\/produkt\/fludent\/","og_site_name":"Flux","article_modified_time":"2026-04-02T07:45:24+00:00","og_image":[{"width":1000,"height":1000,"url":"https:\/\/fluxfluor.com\/app\/uploads\/sites\/2\/2022\/06\/flux-fludent-2.png","type":"image\/png"}],"twitter_card":"summary_large_image","twitter_misc":{"Ber\u00e4knad l\u00e4stid":"1 minut"},"schema":{"@context":"https:\/\/schema.org","@graph":[{"@type":"WebPage","@id":"https:\/\/fluxfluor.com\/se\/produkt\/fludent\/","url":"https:\/\/fluxfluor.com\/se\/produkt\/fludent\/","name":"Fludent - Flux","isPartOf":{"@id":"https:\/\/fluxfluor.com\/se\/#website"},"primaryImageOfPage":{"@id":"https:\/\/fluxfluor.com\/se\/produkt\/fludent\/#primaryimage"},"image":{"@id":"https:\/\/fluxfluor.com\/se\/produkt\/fludent\/#primaryimage"},"thumbnailUrl":"https:\/\/fluxfluor.com\/app\/uploads\/sites\/2\/2022\/06\/flux-fludent-2.png","datePublished":"2022-06-16T06:31:18+00:00","dateModified":"2026-04-02T07:45:24+00:00","description":"Fludent \u00e4r ett receptfritt l\u00e4kemedel som inneh\u00e5ller fluor. Det har varit v\u00e4lk\u00e4nt sedan 1940-talet att just fluor har en skyddande effekt mot karies. Det var d\u00e4rf\u00f6r man tog fram Fludent i Sverige 1963.","breadcrumb":{"@id":"https:\/\/fluxfluor.com\/se\/produkt\/fludent\/#breadcrumb"},"inLanguage":"sv-SE","potentialAction":[{"@type":"ReadAction","target":["https:\/\/fluxfluor.com\/se\/produkt\/fludent\/"]}]},{"@type":"ImageObject","inLanguage":"sv-SE","@id":"https:\/\/fluxfluor.com\/se\/produkt\/fludent\/#primaryimage","url":"https:\/\/fluxfluor.com\/app\/uploads\/sites\/2\/2022\/06\/flux-fludent-2.png","contentUrl":"https:\/\/fluxfluor.com\/app\/uploads\/sites\/2\/2022\/06\/flux-fludent-2.png","width":1000,"height":1000,"caption":"Flux fludent"},{"@type":"BreadcrumbList","@id":"https:\/\/fluxfluor.com\/se\/produkt\/fludent\/#breadcrumb","itemListElement":[{"@type":"ListItem","position":1,"name":"Home","item":"https:\/\/fluxfluor.com\/se\/"},{"@type":"ListItem","position":2,"name":"Produkter","item":"https:\/\/fluxfluor.com\/se\/produkter\/"},{"@type":"ListItem","position":3,"name":"Fludent"}]},{"@type":"WebSite","@id":"https:\/\/fluxfluor.com\/se\/#website","url":"https:\/\/fluxfluor.com\/se\/","name":"Flux","description":"","publisher":{"@id":"https:\/\/fluxfluor.com\/se\/#organization"},"potentialAction":[{"@type":"SearchAction","target":{"@type":"EntryPoint","urlTemplate":"https:\/\/fluxfluor.com\/se\/?s={search_term_string}"},"query-input":{"@type":"PropertyValueSpecification","valueRequired":true,"valueName":"search_term_string"}}],"inLanguage":"sv-SE"},{"@type":"Organization","@id":"https:\/\/fluxfluor.com\/se\/#organization","name":"Flux","url":"https:\/\/fluxfluor.com\/se\/","logo":{"@type":"ImageObject","inLanguage":"sv-SE","@id":"https:\/\/fluxfluor.com\/se\/#\/schema\/logo\/image\/","url":"https:\/\/fluxfluor.com\/app\/uploads\/sites\/2\/2022\/06\/flux-logotype.png","contentUrl":"https:\/\/fluxfluor.com\/app\/uploads\/sites\/2\/2022\/06\/flux-logotype.png","width":130,"height":32,"caption":"Flux"},"image":{"@id":"https:\/\/fluxfluor.com\/se\/#\/schema\/logo\/image\/"}}]}},"_links":{"self":[{"href":"https:\/\/fluxfluor.com\/se\/wp-json\/wp\/v2\/product\/287","targetHints":{"allow":["GET"]}}],"collection":[{"href":"https:\/\/fluxfluor.com\/se\/wp-json\/wp\/v2\/product"}],"about":[{"href":"https:\/\/fluxfluor.com\/se\/wp-json\/wp\/v2\/types\/product"}],"replies":[{"embeddable":true,"href":"https:\/\/fluxfluor.com\/se\/wp-json\/wp\/v2\/comments?post=287"}],"version-history":[{"count":10,"href":"https:\/\/fluxfluor.com\/se\/wp-json\/wp\/v2\/product\/287\/revisions"}],"predecessor-version":[{"id":1351,"href":"https:\/\/fluxfluor.com\/se\/wp-json\/wp\/v2\/product\/287\/revisions\/1351"}],"wp:featuredmedia":[{"embeddable":true,"href":"https:\/\/fluxfluor.com\/se\/wp-json\/wp\/v2\/media\/1352"}],"wp:attachment":[{"href":"https:\/\/fluxfluor.com\/se\/wp-json\/wp\/v2\/media?parent=287"}],"wp:term":[{"taxonomy":"product_brand","embeddable":true,"href":"https:\/\/fluxfluor.com\/se\/wp-json\/wp\/v2\/product_brand?post=287"},{"taxonomy":"product_cat","embeddable":true,"href":"https:\/\/fluxfluor.com\/se\/wp-json\/wp\/v2\/product_cat?post=287"},{"taxonomy":"product_tag","embeddable":true,"href":"https:\/\/fluxfluor.com\/se\/wp-json\/wp\/v2\/product_tag?post=287"}],"curies":[{"name":"wp","href":"https:\/\/api.w.org\/{rel}","templated":true}]}}