{"id":279,"date":"2022-06-16T08:21:42","date_gmt":"2022-06-16T06:21:42","guid":{"rendered":"https:\/\/fluxfluor.com\/se\/?post_type=product&#038;p=279"},"modified":"2025-02-26T10:10:48","modified_gmt":"2025-02-26T09:10:48","slug":"flux-pro-klorhexidin-rinse","status":"publish","type":"product","link":"https:\/\/fluxfluor.com\/se\/produkt\/flux-pro-klorhexidin-rinse\/","title":{"rendered":"Flux PRO Klorhexidin Rinse"},"content":{"rendered":"","protected":false},"excerpt":{"rendered":"","protected":false},"featured_media":1213,"comment_status":"closed","ping_status":"closed","template":"","meta":{"_acf_changed":false,"footnotes":""},"product_brand":[],"product_cat":[],"product_tag":[],"class_list":{"0":"post-279","1":"product","2":"type-product","3":"status-publish","4":"has-post-thumbnail","7":"first","8":"instock","9":"shipping-taxable","10":"product-type-simple"},"acf":[],"yoast_head":"<!-- This site is optimized with the Yoast SEO plugin v26.6 - https:\/\/yoast.com\/wordpress\/plugins\/seo\/ -->\n<title>Flux PRO Klorhexidin Rinse - Flux<\/title>\n<meta name=\"description\" content=\"Produkten \u00e4r f\u00f6r korttidbehandling och anv\u00e4nds ofta efter rekommendation av tandv\u00e5rdspersonal t ex efter kirurgiskt ingrepp, inflammation i tandk\u00f6ttet eller efter borttagning av en tand.\" \/>\n<meta name=\"robots\" content=\"index, follow, max-snippet:-1, max-image-preview:large, max-video-preview:-1\" \/>\n<link rel=\"canonical\" href=\"https:\/\/fluxfluor.com\/se\/produkt\/flux-pro-klorhexidin-rinse\/\" \/>\n<meta property=\"og:locale\" content=\"sv_SE\" \/>\n<meta property=\"og:type\" content=\"article\" \/>\n<meta property=\"og:title\" content=\"Flux PRO Klorhexidin Rinse - Flux\" \/>\n<meta property=\"og:description\" content=\"Produkten \u00e4r f\u00f6r korttidbehandling och anv\u00e4nds ofta efter rekommendation av tandv\u00e5rdspersonal t ex efter kirurgiskt ingrepp, inflammation i tandk\u00f6ttet eller efter borttagning av en tand.\" \/>\n<meta property=\"og:url\" content=\"https:\/\/fluxfluor.com\/se\/produkt\/flux-pro-klorhexidin-rinse\/\" \/>\n<meta property=\"og:site_name\" content=\"Flux\" \/>\n<meta property=\"article:modified_time\" content=\"2025-02-26T09:10:48+00:00\" \/>\n<meta property=\"og:image\" content=\"https:\/\/fluxfluor.com\/app\/uploads\/sites\/2\/2022\/06\/SV_Klorhexidin.png\" \/>\n\t<meta property=\"og:image:width\" content=\"800\" \/>\n\t<meta property=\"og:image:height\" content=\"800\" \/>\n\t<meta property=\"og:image:type\" content=\"image\/png\" \/>\n<meta name=\"twitter:card\" content=\"summary_large_image\" \/>\n<meta name=\"twitter:label1\" content=\"Ber\u00e4knad l\u00e4stid\" \/>\n\t<meta name=\"twitter:data1\" content=\"1 minut\" \/>\n<script type=\"application\/ld+json\" class=\"yoast-schema-graph\">{\"@context\":\"https:\/\/schema.org\",\"@graph\":[{\"@type\":\"WebPage\",\"@id\":\"https:\/\/fluxfluor.com\/se\/produkt\/flux-pro-klorhexidin-rinse\/\",\"url\":\"https:\/\/fluxfluor.com\/se\/produkt\/flux-pro-klorhexidin-rinse\/\",\"name\":\"Flux PRO Klorhexidin Rinse - Flux\",\"isPartOf\":{\"@id\":\"https:\/\/fluxfluor.com\/se\/#website\"},\"primaryImageOfPage\":{\"@id\":\"https:\/\/fluxfluor.com\/se\/produkt\/flux-pro-klorhexidin-rinse\/#primaryimage\"},\"image\":{\"@id\":\"https:\/\/fluxfluor.com\/se\/produkt\/flux-pro-klorhexidin-rinse\/#primaryimage\"},\"thumbnailUrl\":\"https:\/\/fluxfluor.com\/app\/uploads\/sites\/2\/2022\/06\/SV_Klorhexidin.png\",\"datePublished\":\"2022-06-16T06:21:42+00:00\",\"dateModified\":\"2025-02-26T09:10:48+00:00\",\"description\":\"Produkten \u00e4r f\u00f6r korttidbehandling och anv\u00e4nds ofta efter rekommendation av tandv\u00e5rdspersonal t ex efter kirurgiskt ingrepp, inflammation i tandk\u00f6ttet eller efter borttagning av en tand.\",\"breadcrumb\":{\"@id\":\"https:\/\/fluxfluor.com\/se\/produkt\/flux-pro-klorhexidin-rinse\/#breadcrumb\"},\"inLanguage\":\"sv-SE\",\"potentialAction\":[{\"@type\":\"ReadAction\",\"target\":[\"https:\/\/fluxfluor.com\/se\/produkt\/flux-pro-klorhexidin-rinse\/\"]}]},{\"@type\":\"ImageObject\",\"inLanguage\":\"sv-SE\",\"@id\":\"https:\/\/fluxfluor.com\/se\/produkt\/flux-pro-klorhexidin-rinse\/#primaryimage\",\"url\":\"https:\/\/fluxfluor.com\/app\/uploads\/sites\/2\/2022\/06\/SV_Klorhexidin.png\",\"contentUrl\":\"https:\/\/fluxfluor.com\/app\/uploads\/sites\/2\/2022\/06\/SV_Klorhexidin.png\",\"width\":800,\"height\":800,\"caption\":\"Flux Klorhexidin Sk\u00f6lj\"},{\"@type\":\"BreadcrumbList\",\"@id\":\"https:\/\/fluxfluor.com\/se\/produkt\/flux-pro-klorhexidin-rinse\/#breadcrumb\",\"itemListElement\":[{\"@type\":\"ListItem\",\"position\":1,\"name\":\"Home\",\"item\":\"https:\/\/fluxfluor.com\/se\/\"},{\"@type\":\"ListItem\",\"position\":2,\"name\":\"Produkter\",\"item\":\"https:\/\/fluxfluor.com\/se\/produkter\/\"},{\"@type\":\"ListItem\",\"position\":3,\"name\":\"Flux PRO Klorhexidin Rinse\"}]},{\"@type\":\"WebSite\",\"@id\":\"https:\/\/fluxfluor.com\/se\/#website\",\"url\":\"https:\/\/fluxfluor.com\/se\/\",\"name\":\"Flux\",\"description\":\"\",\"publisher\":{\"@id\":\"https:\/\/fluxfluor.com\/se\/#organization\"},\"potentialAction\":[{\"@type\":\"SearchAction\",\"target\":{\"@type\":\"EntryPoint\",\"urlTemplate\":\"https:\/\/fluxfluor.com\/se\/?s={search_term_string}\"},\"query-input\":{\"@type\":\"PropertyValueSpecification\",\"valueRequired\":true,\"valueName\":\"search_term_string\"}}],\"inLanguage\":\"sv-SE\"},{\"@type\":\"Organization\",\"@id\":\"https:\/\/fluxfluor.com\/se\/#organization\",\"name\":\"Flux\",\"url\":\"https:\/\/fluxfluor.com\/se\/\",\"logo\":{\"@type\":\"ImageObject\",\"inLanguage\":\"sv-SE\",\"@id\":\"https:\/\/fluxfluor.com\/se\/#\/schema\/logo\/image\/\",\"url\":\"https:\/\/fluxfluor.com\/app\/uploads\/sites\/2\/2022\/06\/flux-logotype.png\",\"contentUrl\":\"https:\/\/fluxfluor.com\/app\/uploads\/sites\/2\/2022\/06\/flux-logotype.png\",\"width\":130,\"height\":32,\"caption\":\"Flux\"},\"image\":{\"@id\":\"https:\/\/fluxfluor.com\/se\/#\/schema\/logo\/image\/\"}}]}<\/script>\n<!-- \/ Yoast SEO plugin. -->","yoast_head_json":{"title":"Flux PRO Klorhexidin Rinse - Flux","description":"Produkten \u00e4r f\u00f6r korttidbehandling och anv\u00e4nds ofta efter rekommendation av tandv\u00e5rdspersonal t ex efter kirurgiskt ingrepp, inflammation i tandk\u00f6ttet eller efter borttagning av en tand.","robots":{"index":"index","follow":"follow","max-snippet":"max-snippet:-1","max-image-preview":"max-image-preview:large","max-video-preview":"max-video-preview:-1"},"canonical":"https:\/\/fluxfluor.com\/se\/produkt\/flux-pro-klorhexidin-rinse\/","og_locale":"sv_SE","og_type":"article","og_title":"Flux PRO Klorhexidin Rinse - Flux","og_description":"Produkten \u00e4r f\u00f6r korttidbehandling och anv\u00e4nds ofta efter rekommendation av tandv\u00e5rdspersonal t ex efter kirurgiskt ingrepp, inflammation i tandk\u00f6ttet eller efter borttagning av en tand.","og_url":"https:\/\/fluxfluor.com\/se\/produkt\/flux-pro-klorhexidin-rinse\/","og_site_name":"Flux","article_modified_time":"2025-02-26T09:10:48+00:00","og_image":[{"width":800,"height":800,"url":"https:\/\/fluxfluor.com\/app\/uploads\/sites\/2\/2022\/06\/SV_Klorhexidin.png","type":"image\/png"}],"twitter_card":"summary_large_image","twitter_misc":{"Ber\u00e4knad l\u00e4stid":"1 minut"},"schema":{"@context":"https:\/\/schema.org","@graph":[{"@type":"WebPage","@id":"https:\/\/fluxfluor.com\/se\/produkt\/flux-pro-klorhexidin-rinse\/","url":"https:\/\/fluxfluor.com\/se\/produkt\/flux-pro-klorhexidin-rinse\/","name":"Flux PRO Klorhexidin Rinse - Flux","isPartOf":{"@id":"https:\/\/fluxfluor.com\/se\/#website"},"primaryImageOfPage":{"@id":"https:\/\/fluxfluor.com\/se\/produkt\/flux-pro-klorhexidin-rinse\/#primaryimage"},"image":{"@id":"https:\/\/fluxfluor.com\/se\/produkt\/flux-pro-klorhexidin-rinse\/#primaryimage"},"thumbnailUrl":"https:\/\/fluxfluor.com\/app\/uploads\/sites\/2\/2022\/06\/SV_Klorhexidin.png","datePublished":"2022-06-16T06:21:42+00:00","dateModified":"2025-02-26T09:10:48+00:00","description":"Produkten \u00e4r f\u00f6r korttidbehandling och anv\u00e4nds ofta efter rekommendation av tandv\u00e5rdspersonal t ex efter kirurgiskt ingrepp, inflammation i tandk\u00f6ttet eller efter borttagning av en tand.","breadcrumb":{"@id":"https:\/\/fluxfluor.com\/se\/produkt\/flux-pro-klorhexidin-rinse\/#breadcrumb"},"inLanguage":"sv-SE","potentialAction":[{"@type":"ReadAction","target":["https:\/\/fluxfluor.com\/se\/produkt\/flux-pro-klorhexidin-rinse\/"]}]},{"@type":"ImageObject","inLanguage":"sv-SE","@id":"https:\/\/fluxfluor.com\/se\/produkt\/flux-pro-klorhexidin-rinse\/#primaryimage","url":"https:\/\/fluxfluor.com\/app\/uploads\/sites\/2\/2022\/06\/SV_Klorhexidin.png","contentUrl":"https:\/\/fluxfluor.com\/app\/uploads\/sites\/2\/2022\/06\/SV_Klorhexidin.png","width":800,"height":800,"caption":"Flux Klorhexidin Sk\u00f6lj"},{"@type":"BreadcrumbList","@id":"https:\/\/fluxfluor.com\/se\/produkt\/flux-pro-klorhexidin-rinse\/#breadcrumb","itemListElement":[{"@type":"ListItem","position":1,"name":"Home","item":"https:\/\/fluxfluor.com\/se\/"},{"@type":"ListItem","position":2,"name":"Produkter","item":"https:\/\/fluxfluor.com\/se\/produkter\/"},{"@type":"ListItem","position":3,"name":"Flux PRO Klorhexidin Rinse"}]},{"@type":"WebSite","@id":"https:\/\/fluxfluor.com\/se\/#website","url":"https:\/\/fluxfluor.com\/se\/","name":"Flux","description":"","publisher":{"@id":"https:\/\/fluxfluor.com\/se\/#organization"},"potentialAction":[{"@type":"SearchAction","target":{"@type":"EntryPoint","urlTemplate":"https:\/\/fluxfluor.com\/se\/?s={search_term_string}"},"query-input":{"@type":"PropertyValueSpecification","valueRequired":true,"valueName":"search_term_string"}}],"inLanguage":"sv-SE"},{"@type":"Organization","@id":"https:\/\/fluxfluor.com\/se\/#organization","name":"Flux","url":"https:\/\/fluxfluor.com\/se\/","logo":{"@type":"ImageObject","inLanguage":"sv-SE","@id":"https:\/\/fluxfluor.com\/se\/#\/schema\/logo\/image\/","url":"https:\/\/fluxfluor.com\/app\/uploads\/sites\/2\/2022\/06\/flux-logotype.png","contentUrl":"https:\/\/fluxfluor.com\/app\/uploads\/sites\/2\/2022\/06\/flux-logotype.png","width":130,"height":32,"caption":"Flux"},"image":{"@id":"https:\/\/fluxfluor.com\/se\/#\/schema\/logo\/image\/"}}]}},"_links":{"self":[{"href":"https:\/\/fluxfluor.com\/se\/wp-json\/wp\/v2\/product\/279","targetHints":{"allow":["GET"]}}],"collection":[{"href":"https:\/\/fluxfluor.com\/se\/wp-json\/wp\/v2\/product"}],"about":[{"href":"https:\/\/fluxfluor.com\/se\/wp-json\/wp\/v2\/types\/product"}],"replies":[{"embeddable":true,"href":"https:\/\/fluxfluor.com\/se\/wp-json\/wp\/v2\/comments?post=279"}],"version-history":[{"count":5,"href":"https:\/\/fluxfluor.com\/se\/wp-json\/wp\/v2\/product\/279\/revisions"}],"predecessor-version":[{"id":1216,"href":"https:\/\/fluxfluor.com\/se\/wp-json\/wp\/v2\/product\/279\/revisions\/1216"}],"wp:featuredmedia":[{"embeddable":true,"href":"https:\/\/fluxfluor.com\/se\/wp-json\/wp\/v2\/media\/1213"}],"wp:attachment":[{"href":"https:\/\/fluxfluor.com\/se\/wp-json\/wp\/v2\/media?parent=279"}],"wp:term":[{"taxonomy":"product_brand","embeddable":true,"href":"https:\/\/fluxfluor.com\/se\/wp-json\/wp\/v2\/product_brand?post=279"},{"taxonomy":"product_cat","embeddable":true,"href":"https:\/\/fluxfluor.com\/se\/wp-json\/wp\/v2\/product_cat?post=279"},{"taxonomy":"product_tag","embeddable":true,"href":"https:\/\/fluxfluor.com\/se\/wp-json\/wp\/v2\/product_tag?post=279"}],"curies":[{"name":"wp","href":"https:\/\/api.w.org\/{rel}","templated":true}]}}