{"id":198,"date":"2022-06-15T14:04:42","date_gmt":"2022-06-15T12:04:42","guid":{"rendered":"https:\/\/fluxfluor.com\/se\/?post_type=product&#038;p=198"},"modified":"2025-02-26T10:11:12","modified_gmt":"2025-02-26T09:11:12","slug":"flux-mild-mint","status":"publish","type":"product","link":"https:\/\/fluxfluor.com\/se\/produkt\/flux-mild-mint\/","title":{"rendered":"Flux Mild Mint"},"content":{"rendered":"","protected":false},"excerpt":{"rendered":"","protected":false},"featured_media":1221,"comment_status":"closed","ping_status":"closed","template":"","meta":{"_acf_changed":false,"footnotes":""},"product_brand":[],"product_cat":[18],"product_tag":[],"class_list":{"0":"post-198","1":"product","2":"type-product","3":"status-publish","4":"has-post-thumbnail","6":"product_cat-starka-tander","8":"first","9":"instock","10":"shipping-taxable","11":"product-type-simple"},"acf":[],"yoast_head":"<!-- This site is optimized with the Yoast SEO plugin v26.6 - https:\/\/yoast.com\/wordpress\/plugins\/seo\/ -->\n<title>Flux Mild Mint - Flux<\/title>\n<meta name=\"description\" content=\"Flux Mild Mint \u00e4r en fluorsk\u00f6ljv\u00e4tska som st\u00e4rker tandytan och ger starka t\u00e4nder.\" \/>\n<meta name=\"robots\" content=\"index, follow, max-snippet:-1, max-image-preview:large, max-video-preview:-1\" \/>\n<link rel=\"canonical\" href=\"https:\/\/fluxfluor.com\/se\/produkt\/flux-mild-mint\/\" \/>\n<meta property=\"og:locale\" content=\"sv_SE\" \/>\n<meta property=\"og:type\" content=\"article\" \/>\n<meta property=\"og:title\" content=\"Flux Mild Mint - Flux\" \/>\n<meta property=\"og:description\" content=\"Flux Mild Mint \u00e4r en fluorsk\u00f6ljv\u00e4tska som st\u00e4rker tandytan och ger starka t\u00e4nder.\" \/>\n<meta property=\"og:url\" content=\"https:\/\/fluxfluor.com\/se\/produkt\/flux-mild-mint\/\" \/>\n<meta property=\"og:site_name\" content=\"Flux\" \/>\n<meta property=\"article:modified_time\" content=\"2025-02-26T09:11:12+00:00\" \/>\n<meta property=\"og:image\" content=\"https:\/\/fluxfluor.com\/app\/uploads\/sites\/2\/2022\/06\/SV_Mild_Mint.png\" \/>\n\t<meta property=\"og:image:width\" content=\"800\" \/>\n\t<meta property=\"og:image:height\" content=\"800\" \/>\n\t<meta property=\"og:image:type\" content=\"image\/png\" \/>\n<meta name=\"twitter:card\" content=\"summary_large_image\" \/>\n<meta name=\"twitter:label1\" content=\"Ber\u00e4knad l\u00e4stid\" \/>\n\t<meta name=\"twitter:data1\" content=\"1 minut\" \/>\n<script type=\"application\/ld+json\" class=\"yoast-schema-graph\">{\"@context\":\"https:\/\/schema.org\",\"@graph\":[{\"@type\":\"WebPage\",\"@id\":\"https:\/\/fluxfluor.com\/se\/produkt\/flux-mild-mint\/\",\"url\":\"https:\/\/fluxfluor.com\/se\/produkt\/flux-mild-mint\/\",\"name\":\"Flux Mild Mint - Flux\",\"isPartOf\":{\"@id\":\"https:\/\/fluxfluor.com\/se\/#website\"},\"primaryImageOfPage\":{\"@id\":\"https:\/\/fluxfluor.com\/se\/produkt\/flux-mild-mint\/#primaryimage\"},\"image\":{\"@id\":\"https:\/\/fluxfluor.com\/se\/produkt\/flux-mild-mint\/#primaryimage\"},\"thumbnailUrl\":\"https:\/\/fluxfluor.com\/app\/uploads\/sites\/2\/2022\/06\/SV_Mild_Mint.png\",\"datePublished\":\"2022-06-15T12:04:42+00:00\",\"dateModified\":\"2025-02-26T09:11:12+00:00\",\"description\":\"Flux Mild Mint \u00e4r en fluorsk\u00f6ljv\u00e4tska som st\u00e4rker tandytan och ger starka t\u00e4nder.\",\"breadcrumb\":{\"@id\":\"https:\/\/fluxfluor.com\/se\/produkt\/flux-mild-mint\/#breadcrumb\"},\"inLanguage\":\"sv-SE\",\"potentialAction\":[{\"@type\":\"ReadAction\",\"target\":[\"https:\/\/fluxfluor.com\/se\/produkt\/flux-mild-mint\/\"]}]},{\"@type\":\"ImageObject\",\"inLanguage\":\"sv-SE\",\"@id\":\"https:\/\/fluxfluor.com\/se\/produkt\/flux-mild-mint\/#primaryimage\",\"url\":\"https:\/\/fluxfluor.com\/app\/uploads\/sites\/2\/2022\/06\/SV_Mild_Mint.png\",\"contentUrl\":\"https:\/\/fluxfluor.com\/app\/uploads\/sites\/2\/2022\/06\/SV_Mild_Mint.png\",\"width\":800,\"height\":800,\"caption\":\"Flux Mild Mint\"},{\"@type\":\"BreadcrumbList\",\"@id\":\"https:\/\/fluxfluor.com\/se\/produkt\/flux-mild-mint\/#breadcrumb\",\"itemListElement\":[{\"@type\":\"ListItem\",\"position\":1,\"name\":\"Home\",\"item\":\"https:\/\/fluxfluor.com\/se\/\"},{\"@type\":\"ListItem\",\"position\":2,\"name\":\"Produkter\",\"item\":\"https:\/\/fluxfluor.com\/se\/produkter\/\"},{\"@type\":\"ListItem\",\"position\":3,\"name\":\"Flux Mild Mint\"}]},{\"@type\":\"WebSite\",\"@id\":\"https:\/\/fluxfluor.com\/se\/#website\",\"url\":\"https:\/\/fluxfluor.com\/se\/\",\"name\":\"Flux\",\"description\":\"\",\"publisher\":{\"@id\":\"https:\/\/fluxfluor.com\/se\/#organization\"},\"potentialAction\":[{\"@type\":\"SearchAction\",\"target\":{\"@type\":\"EntryPoint\",\"urlTemplate\":\"https:\/\/fluxfluor.com\/se\/?s={search_term_string}\"},\"query-input\":{\"@type\":\"PropertyValueSpecification\",\"valueRequired\":true,\"valueName\":\"search_term_string\"}}],\"inLanguage\":\"sv-SE\"},{\"@type\":\"Organization\",\"@id\":\"https:\/\/fluxfluor.com\/se\/#organization\",\"name\":\"Flux\",\"url\":\"https:\/\/fluxfluor.com\/se\/\",\"logo\":{\"@type\":\"ImageObject\",\"inLanguage\":\"sv-SE\",\"@id\":\"https:\/\/fluxfluor.com\/se\/#\/schema\/logo\/image\/\",\"url\":\"https:\/\/fluxfluor.com\/app\/uploads\/sites\/2\/2022\/06\/flux-logotype.png\",\"contentUrl\":\"https:\/\/fluxfluor.com\/app\/uploads\/sites\/2\/2022\/06\/flux-logotype.png\",\"width\":130,\"height\":32,\"caption\":\"Flux\"},\"image\":{\"@id\":\"https:\/\/fluxfluor.com\/se\/#\/schema\/logo\/image\/\"}}]}<\/script>\n<!-- \/ Yoast SEO plugin. -->","yoast_head_json":{"title":"Flux Mild Mint - Flux","description":"Flux Mild Mint \u00e4r en fluorsk\u00f6ljv\u00e4tska som st\u00e4rker tandytan och ger starka t\u00e4nder.","robots":{"index":"index","follow":"follow","max-snippet":"max-snippet:-1","max-image-preview":"max-image-preview:large","max-video-preview":"max-video-preview:-1"},"canonical":"https:\/\/fluxfluor.com\/se\/produkt\/flux-mild-mint\/","og_locale":"sv_SE","og_type":"article","og_title":"Flux Mild Mint - Flux","og_description":"Flux Mild Mint \u00e4r en fluorsk\u00f6ljv\u00e4tska som st\u00e4rker tandytan och ger starka t\u00e4nder.","og_url":"https:\/\/fluxfluor.com\/se\/produkt\/flux-mild-mint\/","og_site_name":"Flux","article_modified_time":"2025-02-26T09:11:12+00:00","og_image":[{"width":800,"height":800,"url":"https:\/\/fluxfluor.com\/app\/uploads\/sites\/2\/2022\/06\/SV_Mild_Mint.png","type":"image\/png"}],"twitter_card":"summary_large_image","twitter_misc":{"Ber\u00e4knad l\u00e4stid":"1 minut"},"schema":{"@context":"https:\/\/schema.org","@graph":[{"@type":"WebPage","@id":"https:\/\/fluxfluor.com\/se\/produkt\/flux-mild-mint\/","url":"https:\/\/fluxfluor.com\/se\/produkt\/flux-mild-mint\/","name":"Flux Mild Mint - Flux","isPartOf":{"@id":"https:\/\/fluxfluor.com\/se\/#website"},"primaryImageOfPage":{"@id":"https:\/\/fluxfluor.com\/se\/produkt\/flux-mild-mint\/#primaryimage"},"image":{"@id":"https:\/\/fluxfluor.com\/se\/produkt\/flux-mild-mint\/#primaryimage"},"thumbnailUrl":"https:\/\/fluxfluor.com\/app\/uploads\/sites\/2\/2022\/06\/SV_Mild_Mint.png","datePublished":"2022-06-15T12:04:42+00:00","dateModified":"2025-02-26T09:11:12+00:00","description":"Flux Mild Mint \u00e4r en fluorsk\u00f6ljv\u00e4tska som st\u00e4rker tandytan och ger starka t\u00e4nder.","breadcrumb":{"@id":"https:\/\/fluxfluor.com\/se\/produkt\/flux-mild-mint\/#breadcrumb"},"inLanguage":"sv-SE","potentialAction":[{"@type":"ReadAction","target":["https:\/\/fluxfluor.com\/se\/produkt\/flux-mild-mint\/"]}]},{"@type":"ImageObject","inLanguage":"sv-SE","@id":"https:\/\/fluxfluor.com\/se\/produkt\/flux-mild-mint\/#primaryimage","url":"https:\/\/fluxfluor.com\/app\/uploads\/sites\/2\/2022\/06\/SV_Mild_Mint.png","contentUrl":"https:\/\/fluxfluor.com\/app\/uploads\/sites\/2\/2022\/06\/SV_Mild_Mint.png","width":800,"height":800,"caption":"Flux Mild Mint"},{"@type":"BreadcrumbList","@id":"https:\/\/fluxfluor.com\/se\/produkt\/flux-mild-mint\/#breadcrumb","itemListElement":[{"@type":"ListItem","position":1,"name":"Home","item":"https:\/\/fluxfluor.com\/se\/"},{"@type":"ListItem","position":2,"name":"Produkter","item":"https:\/\/fluxfluor.com\/se\/produkter\/"},{"@type":"ListItem","position":3,"name":"Flux Mild Mint"}]},{"@type":"WebSite","@id":"https:\/\/fluxfluor.com\/se\/#website","url":"https:\/\/fluxfluor.com\/se\/","name":"Flux","description":"","publisher":{"@id":"https:\/\/fluxfluor.com\/se\/#organization"},"potentialAction":[{"@type":"SearchAction","target":{"@type":"EntryPoint","urlTemplate":"https:\/\/fluxfluor.com\/se\/?s={search_term_string}"},"query-input":{"@type":"PropertyValueSpecification","valueRequired":true,"valueName":"search_term_string"}}],"inLanguage":"sv-SE"},{"@type":"Organization","@id":"https:\/\/fluxfluor.com\/se\/#organization","name":"Flux","url":"https:\/\/fluxfluor.com\/se\/","logo":{"@type":"ImageObject","inLanguage":"sv-SE","@id":"https:\/\/fluxfluor.com\/se\/#\/schema\/logo\/image\/","url":"https:\/\/fluxfluor.com\/app\/uploads\/sites\/2\/2022\/06\/flux-logotype.png","contentUrl":"https:\/\/fluxfluor.com\/app\/uploads\/sites\/2\/2022\/06\/flux-logotype.png","width":130,"height":32,"caption":"Flux"},"image":{"@id":"https:\/\/fluxfluor.com\/se\/#\/schema\/logo\/image\/"}}]}},"_links":{"self":[{"href":"https:\/\/fluxfluor.com\/se\/wp-json\/wp\/v2\/product\/198","targetHints":{"allow":["GET"]}}],"collection":[{"href":"https:\/\/fluxfluor.com\/se\/wp-json\/wp\/v2\/product"}],"about":[{"href":"https:\/\/fluxfluor.com\/se\/wp-json\/wp\/v2\/types\/product"}],"replies":[{"embeddable":true,"href":"https:\/\/fluxfluor.com\/se\/wp-json\/wp\/v2\/comments?post=198"}],"version-history":[{"count":5,"href":"https:\/\/fluxfluor.com\/se\/wp-json\/wp\/v2\/product\/198\/revisions"}],"predecessor-version":[{"id":1224,"href":"https:\/\/fluxfluor.com\/se\/wp-json\/wp\/v2\/product\/198\/revisions\/1224"}],"wp:featuredmedia":[{"embeddable":true,"href":"https:\/\/fluxfluor.com\/se\/wp-json\/wp\/v2\/media\/1221"}],"wp:attachment":[{"href":"https:\/\/fluxfluor.com\/se\/wp-json\/wp\/v2\/media?parent=198"}],"wp:term":[{"taxonomy":"product_brand","embeddable":true,"href":"https:\/\/fluxfluor.com\/se\/wp-json\/wp\/v2\/product_brand?post=198"},{"taxonomy":"product_cat","embeddable":true,"href":"https:\/\/fluxfluor.com\/se\/wp-json\/wp\/v2\/product_cat?post=198"},{"taxonomy":"product_tag","embeddable":true,"href":"https:\/\/fluxfluor.com\/se\/wp-json\/wp\/v2\/product_tag?post=198"}],"curies":[{"name":"wp","href":"https:\/\/api.w.org\/{rel}","templated":true}]}}