{"id":1109,"date":"2025-01-10T12:27:45","date_gmt":"2025-01-10T11:27:45","guid":{"rendered":"https:\/\/fluxfluor.com\/se\/?post_type=product&#038;p=1109"},"modified":"2025-02-26T10:10:32","modified_gmt":"2025-02-26T09:10:32","slug":"flux-drops-krusbar","status":"publish","type":"product","link":"https:\/\/fluxfluor.com\/se\/produkt\/flux-drops-krusbar\/","title":{"rendered":"Flux Drops Krusb\u00e4r"},"content":{"rendered":"","protected":false},"excerpt":{"rendered":"","protected":false},"featured_media":1110,"comment_status":"closed","ping_status":"closed","template":"","meta":{"_acf_changed":false,"footnotes":""},"product_brand":[],"product_cat":[20],"product_tag":[],"class_list":{"0":"post-1109","1":"product","2":"type-product","3":"status-publish","4":"has-post-thumbnail","6":"product_cat-torr-mun","8":"first","9":"instock","10":"shipping-taxable","11":"product-type-simple"},"acf":[],"yoast_head":"<!-- This site is optimized with the Yoast SEO plugin v26.6 - https:\/\/yoast.com\/wordpress\/plugins\/seo\/ -->\n<title>Flux Drops Krusb\u00e4r<\/title>\n<meta name=\"description\" content=\"Flux Drops \u00e4r l\u00e4skande sockerfria sugtabletter som varar l\u00e4nge. Flux Drops finns i m\u00e5nga goda smaker.\" \/>\n<meta name=\"robots\" content=\"index, follow, max-snippet:-1, max-image-preview:large, max-video-preview:-1\" \/>\n<link rel=\"canonical\" href=\"https:\/\/fluxfluor.com\/se\/produkt\/flux-drops-krusbar\/\" \/>\n<meta property=\"og:locale\" content=\"sv_SE\" \/>\n<meta property=\"og:type\" content=\"article\" \/>\n<meta property=\"og:title\" content=\"Flux Drops Krusb\u00e4r\" \/>\n<meta property=\"og:description\" content=\"Flux Drops \u00e4r l\u00e4skande sockerfria sugtabletter som varar l\u00e4nge. Flux Drops finns i m\u00e5nga goda smaker.\" \/>\n<meta property=\"og:url\" content=\"https:\/\/fluxfluor.com\/se\/produkt\/flux-drops-krusbar\/\" \/>\n<meta property=\"og:site_name\" content=\"Flux\" \/>\n<meta property=\"article:modified_time\" content=\"2025-02-26T09:10:32+00:00\" \/>\n<meta property=\"og:image\" content=\"https:\/\/fluxfluor.com\/app\/uploads\/sites\/2\/2025\/01\/Flux-Drops-Gooseberry-1.png\" \/>\n\t<meta property=\"og:image:width\" content=\"600\" \/>\n\t<meta property=\"og:image:height\" content=\"600\" \/>\n\t<meta property=\"og:image:type\" content=\"image\/png\" \/>\n<meta name=\"twitter:card\" content=\"summary_large_image\" \/>\n<meta name=\"twitter:label1\" content=\"Ber\u00e4knad l\u00e4stid\" \/>\n\t<meta name=\"twitter:data1\" content=\"1 minut\" \/>\n<script type=\"application\/ld+json\" class=\"yoast-schema-graph\">{\"@context\":\"https:\/\/schema.org\",\"@graph\":[{\"@type\":\"WebPage\",\"@id\":\"https:\/\/fluxfluor.com\/se\/produkt\/flux-drops-krusbar\/\",\"url\":\"https:\/\/fluxfluor.com\/se\/produkt\/flux-drops-krusbar\/\",\"name\":\"Flux Drops Krusb\u00e4r\",\"isPartOf\":{\"@id\":\"https:\/\/fluxfluor.com\/se\/#website\"},\"primaryImageOfPage\":{\"@id\":\"https:\/\/fluxfluor.com\/se\/produkt\/flux-drops-krusbar\/#primaryimage\"},\"image\":{\"@id\":\"https:\/\/fluxfluor.com\/se\/produkt\/flux-drops-krusbar\/#primaryimage\"},\"thumbnailUrl\":\"https:\/\/fluxfluor.com\/app\/uploads\/sites\/2\/2025\/01\/Flux-Drops-Gooseberry-1.png\",\"datePublished\":\"2025-01-10T11:27:45+00:00\",\"dateModified\":\"2025-02-26T09:10:32+00:00\",\"description\":\"Flux Drops \u00e4r l\u00e4skande sockerfria sugtabletter som varar l\u00e4nge. Flux Drops finns i m\u00e5nga goda smaker.\",\"breadcrumb\":{\"@id\":\"https:\/\/fluxfluor.com\/se\/produkt\/flux-drops-krusbar\/#breadcrumb\"},\"inLanguage\":\"sv-SE\",\"potentialAction\":[{\"@type\":\"ReadAction\",\"target\":[\"https:\/\/fluxfluor.com\/se\/produkt\/flux-drops-krusbar\/\"]}]},{\"@type\":\"ImageObject\",\"inLanguage\":\"sv-SE\",\"@id\":\"https:\/\/fluxfluor.com\/se\/produkt\/flux-drops-krusbar\/#primaryimage\",\"url\":\"https:\/\/fluxfluor.com\/app\/uploads\/sites\/2\/2025\/01\/Flux-Drops-Gooseberry-1.png\",\"contentUrl\":\"https:\/\/fluxfluor.com\/app\/uploads\/sites\/2\/2025\/01\/Flux-Drops-Gooseberry-1.png\",\"width\":600,\"height\":600,\"caption\":\"Flux Drops Krusb\u00e4r\"},{\"@type\":\"BreadcrumbList\",\"@id\":\"https:\/\/fluxfluor.com\/se\/produkt\/flux-drops-krusbar\/#breadcrumb\",\"itemListElement\":[{\"@type\":\"ListItem\",\"position\":1,\"name\":\"Home\",\"item\":\"https:\/\/fluxfluor.com\/se\/\"},{\"@type\":\"ListItem\",\"position\":2,\"name\":\"Produkter\",\"item\":\"https:\/\/fluxfluor.com\/se\/produkter\/\"},{\"@type\":\"ListItem\",\"position\":3,\"name\":\"Flux Drops Krusb\u00e4r\"}]},{\"@type\":\"WebSite\",\"@id\":\"https:\/\/fluxfluor.com\/se\/#website\",\"url\":\"https:\/\/fluxfluor.com\/se\/\",\"name\":\"Flux\",\"description\":\"\",\"publisher\":{\"@id\":\"https:\/\/fluxfluor.com\/se\/#organization\"},\"potentialAction\":[{\"@type\":\"SearchAction\",\"target\":{\"@type\":\"EntryPoint\",\"urlTemplate\":\"https:\/\/fluxfluor.com\/se\/?s={search_term_string}\"},\"query-input\":{\"@type\":\"PropertyValueSpecification\",\"valueRequired\":true,\"valueName\":\"search_term_string\"}}],\"inLanguage\":\"sv-SE\"},{\"@type\":\"Organization\",\"@id\":\"https:\/\/fluxfluor.com\/se\/#organization\",\"name\":\"Flux\",\"url\":\"https:\/\/fluxfluor.com\/se\/\",\"logo\":{\"@type\":\"ImageObject\",\"inLanguage\":\"sv-SE\",\"@id\":\"https:\/\/fluxfluor.com\/se\/#\/schema\/logo\/image\/\",\"url\":\"https:\/\/fluxfluor.com\/app\/uploads\/sites\/2\/2022\/06\/flux-logotype.png\",\"contentUrl\":\"https:\/\/fluxfluor.com\/app\/uploads\/sites\/2\/2022\/06\/flux-logotype.png\",\"width\":130,\"height\":32,\"caption\":\"Flux\"},\"image\":{\"@id\":\"https:\/\/fluxfluor.com\/se\/#\/schema\/logo\/image\/\"}}]}<\/script>\n<!-- \/ Yoast SEO plugin. -->","yoast_head_json":{"title":"Flux Drops Krusb\u00e4r","description":"Flux Drops \u00e4r l\u00e4skande sockerfria sugtabletter som varar l\u00e4nge. Flux Drops finns i m\u00e5nga goda smaker.","robots":{"index":"index","follow":"follow","max-snippet":"max-snippet:-1","max-image-preview":"max-image-preview:large","max-video-preview":"max-video-preview:-1"},"canonical":"https:\/\/fluxfluor.com\/se\/produkt\/flux-drops-krusbar\/","og_locale":"sv_SE","og_type":"article","og_title":"Flux Drops Krusb\u00e4r","og_description":"Flux Drops \u00e4r l\u00e4skande sockerfria sugtabletter som varar l\u00e4nge. Flux Drops finns i m\u00e5nga goda smaker.","og_url":"https:\/\/fluxfluor.com\/se\/produkt\/flux-drops-krusbar\/","og_site_name":"Flux","article_modified_time":"2025-02-26T09:10:32+00:00","og_image":[{"width":600,"height":600,"url":"https:\/\/fluxfluor.com\/app\/uploads\/sites\/2\/2025\/01\/Flux-Drops-Gooseberry-1.png","type":"image\/png"}],"twitter_card":"summary_large_image","twitter_misc":{"Ber\u00e4knad l\u00e4stid":"1 minut"},"schema":{"@context":"https:\/\/schema.org","@graph":[{"@type":"WebPage","@id":"https:\/\/fluxfluor.com\/se\/produkt\/flux-drops-krusbar\/","url":"https:\/\/fluxfluor.com\/se\/produkt\/flux-drops-krusbar\/","name":"Flux Drops Krusb\u00e4r","isPartOf":{"@id":"https:\/\/fluxfluor.com\/se\/#website"},"primaryImageOfPage":{"@id":"https:\/\/fluxfluor.com\/se\/produkt\/flux-drops-krusbar\/#primaryimage"},"image":{"@id":"https:\/\/fluxfluor.com\/se\/produkt\/flux-drops-krusbar\/#primaryimage"},"thumbnailUrl":"https:\/\/fluxfluor.com\/app\/uploads\/sites\/2\/2025\/01\/Flux-Drops-Gooseberry-1.png","datePublished":"2025-01-10T11:27:45+00:00","dateModified":"2025-02-26T09:10:32+00:00","description":"Flux Drops \u00e4r l\u00e4skande sockerfria sugtabletter som varar l\u00e4nge. Flux Drops finns i m\u00e5nga goda smaker.","breadcrumb":{"@id":"https:\/\/fluxfluor.com\/se\/produkt\/flux-drops-krusbar\/#breadcrumb"},"inLanguage":"sv-SE","potentialAction":[{"@type":"ReadAction","target":["https:\/\/fluxfluor.com\/se\/produkt\/flux-drops-krusbar\/"]}]},{"@type":"ImageObject","inLanguage":"sv-SE","@id":"https:\/\/fluxfluor.com\/se\/produkt\/flux-drops-krusbar\/#primaryimage","url":"https:\/\/fluxfluor.com\/app\/uploads\/sites\/2\/2025\/01\/Flux-Drops-Gooseberry-1.png","contentUrl":"https:\/\/fluxfluor.com\/app\/uploads\/sites\/2\/2025\/01\/Flux-Drops-Gooseberry-1.png","width":600,"height":600,"caption":"Flux Drops Krusb\u00e4r"},{"@type":"BreadcrumbList","@id":"https:\/\/fluxfluor.com\/se\/produkt\/flux-drops-krusbar\/#breadcrumb","itemListElement":[{"@type":"ListItem","position":1,"name":"Home","item":"https:\/\/fluxfluor.com\/se\/"},{"@type":"ListItem","position":2,"name":"Produkter","item":"https:\/\/fluxfluor.com\/se\/produkter\/"},{"@type":"ListItem","position":3,"name":"Flux Drops Krusb\u00e4r"}]},{"@type":"WebSite","@id":"https:\/\/fluxfluor.com\/se\/#website","url":"https:\/\/fluxfluor.com\/se\/","name":"Flux","description":"","publisher":{"@id":"https:\/\/fluxfluor.com\/se\/#organization"},"potentialAction":[{"@type":"SearchAction","target":{"@type":"EntryPoint","urlTemplate":"https:\/\/fluxfluor.com\/se\/?s={search_term_string}"},"query-input":{"@type":"PropertyValueSpecification","valueRequired":true,"valueName":"search_term_string"}}],"inLanguage":"sv-SE"},{"@type":"Organization","@id":"https:\/\/fluxfluor.com\/se\/#organization","name":"Flux","url":"https:\/\/fluxfluor.com\/se\/","logo":{"@type":"ImageObject","inLanguage":"sv-SE","@id":"https:\/\/fluxfluor.com\/se\/#\/schema\/logo\/image\/","url":"https:\/\/fluxfluor.com\/app\/uploads\/sites\/2\/2022\/06\/flux-logotype.png","contentUrl":"https:\/\/fluxfluor.com\/app\/uploads\/sites\/2\/2022\/06\/flux-logotype.png","width":130,"height":32,"caption":"Flux"},"image":{"@id":"https:\/\/fluxfluor.com\/se\/#\/schema\/logo\/image\/"}}]}},"_links":{"self":[{"href":"https:\/\/fluxfluor.com\/se\/wp-json\/wp\/v2\/product\/1109","targetHints":{"allow":["GET"]}}],"collection":[{"href":"https:\/\/fluxfluor.com\/se\/wp-json\/wp\/v2\/product"}],"about":[{"href":"https:\/\/fluxfluor.com\/se\/wp-json\/wp\/v2\/types\/product"}],"replies":[{"embeddable":true,"href":"https:\/\/fluxfluor.com\/se\/wp-json\/wp\/v2\/comments?post=1109"}],"version-history":[{"count":1,"href":"https:\/\/fluxfluor.com\/se\/wp-json\/wp\/v2\/product\/1109\/revisions"}],"predecessor-version":[{"id":1111,"href":"https:\/\/fluxfluor.com\/se\/wp-json\/wp\/v2\/product\/1109\/revisions\/1111"}],"wp:featuredmedia":[{"embeddable":true,"href":"https:\/\/fluxfluor.com\/se\/wp-json\/wp\/v2\/media\/1110"}],"wp:attachment":[{"href":"https:\/\/fluxfluor.com\/se\/wp-json\/wp\/v2\/media?parent=1109"}],"wp:term":[{"taxonomy":"product_brand","embeddable":true,"href":"https:\/\/fluxfluor.com\/se\/wp-json\/wp\/v2\/product_brand?post=1109"},{"taxonomy":"product_cat","embeddable":true,"href":"https:\/\/fluxfluor.com\/se\/wp-json\/wp\/v2\/product_cat?post=1109"},{"taxonomy":"product_tag","embeddable":true,"href":"https:\/\/fluxfluor.com\/se\/wp-json\/wp\/v2\/product_tag?post=1109"}],"curies":[{"name":"wp","href":"https:\/\/api.w.org\/{rel}","templated":true}]}}