{"id":37,"date":"2022-07-04T15:56:29","date_gmt":"2022-07-04T13:56:29","guid":{"rendered":"https:\/\/fluxfluor.com\/no\/?page_id=37"},"modified":"2026-04-22T15:08:02","modified_gmt":"2026-04-22T13:08:02","slug":"sporsmal-og-svar","status":"publish","type":"page","link":"https:\/\/fluxfluor.com\/no\/sporsmal-og-svar\/","title":{"rendered":"Sp\u00f8rsm\u00e5l og svar"},"content":{"rendered":"\n<div class=\"wp-block-karopharma-free-text pt-medium pb-medium bg-center bg-cover bg-no-repeat  is-style-secondary\" style=\"background-image:url()\"><div class=\"free-text-wrapper container max-w-medium text-center\">\n<h1 class=\"wp-block-heading is-style-heading-huge\">Sp\u00f8rsm\u00e5l og svar<\/h1>\n<\/div><\/div>\n\n\n\n<div class=\"wp-block-karopharma-accordions\"><div class=\"container\">\n<details class=\"wp-block-karopharma-accordion\"><summary><h2 class=\"accordion-title\">B\u00f8r man anbefale \u00e5 ikke skylle munnen med vann etter at man har pusset tennene?<\/h2><\/summary><div class=\"accordion-content\">\n<p>Ja.<\/p>\n<\/div><\/details>\n\n\n\n<details class=\"wp-block-karopharma-accordion\"><summary><h2 class=\"accordion-title\">Kan fluor p\u00e5virke beinmasse \/ f\u00f8re til benskj\u00f8rhet?<\/h2><\/summary><div class=\"accordion-content\">\n<p>Det skal massive doser til for \u00e5 p\u00e5virke bentettheten, samt gi osteofluorose.<\/p>\n<\/div><\/details>\n\n\n\n<details class=\"wp-block-karopharma-accordion\"><summary><h2 class=\"accordion-title\">Hvor mye fluor skal til for \u00e5 f\u00e5 fluorose?<\/h2><\/summary><div class=\"accordion-content\">\n<p>Jevn tilf\u00f8rsel av noe mer enn anbefalt dose, spesielt de f\u00f8rste \u00e5rene, kan gi dental fluorose. F\u00f8lger man anbefalingene er man trygg.<\/p>\n<\/div><\/details>\n\n\n\n<details class=\"wp-block-karopharma-accordion\"><summary><h2 class=\"accordion-title\">Hvordan vet jeg hvor mye fluor det er i mitt drikkevann?<\/h2><\/summary><div class=\"accordion-content\">\n<p>I Norge er det kun 1 % av befolkningen som f\u00e5r nok fluor i drikkevannet. Ved \u00e5 f\u00f8lge anbefalt dosering for Flux er det ikke fare for bivirkninger. \u00d8nsker du likevel \u00e5 vite hvor mye fluor det er i drikkevannet akkurat der du bor, m\u00e5 du kontakte vann og avl\u00f8psetaten i din kommune.<\/p>\n<\/div><\/details>\n\n\n\n<details class=\"wp-block-karopharma-accordion\"><summary><h2 class=\"accordion-title\">Hvor f\u00e5r man kj\u00f8pt Flux?<\/h2><\/summary><div class=\"accordion-content\">\n<p>Flux f\u00e5r du kj\u00f8pt p\u00e5 apotek, i apotekenes nettbutikk, i utvalgte matbutikker og hos flere tannklinikker.<\/p>\n<\/div><\/details>\n\n\n\n<details class=\"wp-block-karopharma-accordion\"><summary><h2 class=\"accordion-title\">Inneholder Flux noe animalsk?<\/h2><\/summary><div class=\"accordion-content\">\n<p>Nei, Flux inneholder ikke noe animalsk og er ikke testet p\u00e5 dyr.<\/p>\n<\/div><\/details>\n\n\n\n<details class=\"wp-block-karopharma-accordion\"><summary><h2 class=\"accordion-title\">Jeg er ofte t\u00f8rr i munnen. Beh\u00f8ver jeg ekstra fluor?<\/h2><\/summary><div class=\"accordion-content\">\n<p>Spyttet v\u00e5rt er kroppens f\u00f8rste beskyttelse mot bakterier fra omverdenen. Er man t\u00f8rr i munnen \u00f8ker risikoen for kariesangrep. Det finnes spesielle tabletter \u00abXerodent, mot munnt\u00f8rrhet\u00bb som ogs\u00e5 inneholder fluor. Xerodent kj\u00f8pes p\u00e5 apoteket og finnes med b\u00e5de lakris og appelsinsmak. Det er ogs\u00e5 kommet en serie med produkter for t\u00f8rr munn p\u00e5 apoteket, <a href=\"https:\/\/fluxfluor.com\/no\/produktkategori\/torr-mun\/\">Flux Dry Mouth<\/a>.<\/p>\n<\/div><\/details>\n\n\n\n<details class=\"wp-block-karopharma-accordion\"><summary><h2 class=\"accordion-title\">Hvor lenge b\u00f8r man pusse tennene?<\/h2><\/summary><div class=\"accordion-content\">\n<p>Vi er n\u00f8ye med \u00e5 pusse tennene 2 ganger om dagen p\u00e5 v\u00e5r 3-\u00e5ring, men det blir vel kun cirka 20-30 sekunder per gang. Hvor viktig er det \u00e5 b\u00f8rste tennene lengre?<\/p>\n\n\n\n<p>Det kommer helt an p\u00e5 om man f\u00e5r pusset alle tennene p\u00e5 denne tiden, men det h\u00f8res litt kort ut. 1 minutt er et m\u00e5l man b\u00f8r strekke seg mot.<\/p>\n<\/div><\/details>\n\n\n\n<details class=\"wp-block-karopharma-accordion\"><summary><h2 class=\"accordion-title\">Hva er egentlig fluor?<\/h2><\/summary><div class=\"accordion-content\">\n<p>Fluor er et grunnstoff som finnes overalt i naturen. Det finnes f.eks mer fluor enn det finnes kull, kobber og jern. Jorden inneholder ca 200-300 mg fluor pr kg. I havet er fluorinnholdet ca 0,8-1,4 pmm (part per million)<\/p>\n<\/div><\/details>\n\n\n\n<details class=\"wp-block-karopharma-accordion\"><summary><h2 class=\"accordion-title\">Flux Klorhexidin<\/h2><\/summary><div class=\"accordion-content\">\n<p>Jeg har nettopp f\u00e5tt beskjed fra Tannlegekontor at Klorhexidin Flux ikke skal brukes mer enn 14 dager i strekk, men dette st\u00e5r verken p\u00e5 flasken eller er noe info p\u00e5 nett eller fra leverand\u00f8r?<\/p>\n\n\n\n<p>Det er riktig at Flux Klorhexidin ikke skal brukes som et daglig skyll over lenger tid. En flaske Flux Klorhexidin inneholder 250 ml som er tilstrekkelig for bruk morgen og kveld i ca 2 uker. I l\u00f8pet av denne perioden b\u00f8r irritert tannkj\u00f8tt v\u00e6re behandlet, men hvis dette ikke er tilfellet b\u00f8r man konsultere tannlege\/tannpleier. Som et resultat kan behandlingstiden variere etter individuelle r\u00e5d fra tannlege\/tannpleier, noe det opplyses om p\u00e5 baksiden av flasken. Ytterligere informasjon om v\u00e5re produkter <a href=\"https:\/\/fluxfluor.com\/no\/produkter\/\"><strong>finner man her<\/strong><\/a>.<\/p>\n<\/div><\/details>\n<\/div><\/div>\n","protected":false},"excerpt":{"rendered":"","protected":false},"author":2,"featured_media":0,"parent":0,"menu_order":0,"comment_status":"closed","ping_status":"closed","template":"","meta":{"_acf_changed":false,"footnotes":""},"from-article-database":[],"class_list":["post-37","page","type-page","status-publish","hentry"],"acf":[],"yoast_head":"<!-- This site is optimized with the Yoast SEO plugin v26.6 - https:\/\/yoast.com\/wordpress\/plugins\/seo\/ -->\n<title>Sp\u00f8rsm\u00e5l og svar - Flux<\/title>\n<meta name=\"description\" content=\"Sp\u00f8rsm\u00e5l og svar: Hva er bra med Flux Junior Tannkrem? Hva er forskjellen p\u00e5 en barnetannkrem og en tannkrem for voksne?\" \/>\n<meta name=\"robots\" content=\"index, follow, max-snippet:-1, max-image-preview:large, max-video-preview:-1\" \/>\n<link rel=\"canonical\" href=\"https:\/\/fluxfluor.com\/no\/sporsmal-og-svar\/\" \/>\n<meta property=\"og:locale\" content=\"nb_NO\" \/>\n<meta property=\"og:type\" content=\"article\" \/>\n<meta property=\"og:title\" content=\"Sp\u00f8rsm\u00e5l og svar - Flux\" \/>\n<meta property=\"og:description\" content=\"Sp\u00f8rsm\u00e5l og svar: Hva er bra med Flux Junior Tannkrem? Hva er forskjellen p\u00e5 en barnetannkrem og en tannkrem for voksne?\" \/>\n<meta property=\"og:url\" content=\"https:\/\/fluxfluor.com\/no\/sporsmal-og-svar\/\" \/>\n<meta property=\"og:site_name\" content=\"Flux\" \/>\n<meta property=\"article:modified_time\" content=\"2026-04-22T13:08:02+00:00\" \/>\n<meta name=\"twitter:card\" content=\"summary_large_image\" \/>\n<meta name=\"twitter:label1\" content=\"Ansl. lesetid\" \/>\n\t<meta name=\"twitter:data1\" content=\"3 minutter\" \/>\n<script type=\"application\/ld+json\" class=\"yoast-schema-graph\">{\"@context\":\"https:\/\/schema.org\",\"@graph\":[{\"@type\":\"WebPage\",\"@id\":\"https:\/\/fluxfluor.com\/no\/sporsmal-og-svar\/\",\"url\":\"https:\/\/fluxfluor.com\/no\/sporsmal-og-svar\/\",\"name\":\"Sp\u00f8rsm\u00e5l og svar - Flux\",\"isPartOf\":{\"@id\":\"https:\/\/fluxfluor.com\/no\/#website\"},\"datePublished\":\"2022-07-04T13:56:29+00:00\",\"dateModified\":\"2026-04-22T13:08:02+00:00\",\"description\":\"Sp\u00f8rsm\u00e5l og svar: Hva er bra med Flux Junior Tannkrem? Hva er forskjellen p\u00e5 en barnetannkrem og en tannkrem for voksne?\",\"breadcrumb\":{\"@id\":\"https:\/\/fluxfluor.com\/no\/sporsmal-og-svar\/#breadcrumb\"},\"inLanguage\":\"nb-NO\",\"potentialAction\":[{\"@type\":\"ReadAction\",\"target\":[\"https:\/\/fluxfluor.com\/no\/sporsmal-og-svar\/\"]}]},{\"@type\":\"BreadcrumbList\",\"@id\":\"https:\/\/fluxfluor.com\/no\/sporsmal-og-svar\/#breadcrumb\",\"itemListElement\":[{\"@type\":\"ListItem\",\"position\":1,\"name\":\"Home\",\"item\":\"https:\/\/fluxfluor.com\/no\/\"},{\"@type\":\"ListItem\",\"position\":2,\"name\":\"Sp\u00f8rsm\u00e5l og svar\"}]},{\"@type\":\"WebSite\",\"@id\":\"https:\/\/fluxfluor.com\/no\/#website\",\"url\":\"https:\/\/fluxfluor.com\/no\/\",\"name\":\"Flux\",\"description\":\"\",\"publisher\":{\"@id\":\"https:\/\/fluxfluor.com\/no\/#organization\"},\"potentialAction\":[{\"@type\":\"SearchAction\",\"target\":{\"@type\":\"EntryPoint\",\"urlTemplate\":\"https:\/\/fluxfluor.com\/no\/?s={search_term_string}\"},\"query-input\":{\"@type\":\"PropertyValueSpecification\",\"valueRequired\":true,\"valueName\":\"search_term_string\"}}],\"inLanguage\":\"nb-NO\"},{\"@type\":\"Organization\",\"@id\":\"https:\/\/fluxfluor.com\/no\/#organization\",\"name\":\"Flux\",\"url\":\"https:\/\/fluxfluor.com\/no\/\",\"logo\":{\"@type\":\"ImageObject\",\"inLanguage\":\"nb-NO\",\"@id\":\"https:\/\/fluxfluor.com\/no\/#\/schema\/logo\/image\/\",\"url\":\"https:\/\/fluxfluor.com\/app\/uploads\/sites\/3\/2022\/06\/flux-logotype.png\",\"contentUrl\":\"https:\/\/fluxfluor.com\/app\/uploads\/sites\/3\/2022\/06\/flux-logotype.png\",\"width\":130,\"height\":32,\"caption\":\"Flux\"},\"image\":{\"@id\":\"https:\/\/fluxfluor.com\/no\/#\/schema\/logo\/image\/\"}}]}<\/script>\n<!-- \/ Yoast SEO plugin. -->","yoast_head_json":{"title":"Sp\u00f8rsm\u00e5l og svar - Flux","description":"Sp\u00f8rsm\u00e5l og svar: Hva er bra med Flux Junior Tannkrem? Hva er forskjellen p\u00e5 en barnetannkrem og en tannkrem for voksne?","robots":{"index":"index","follow":"follow","max-snippet":"max-snippet:-1","max-image-preview":"max-image-preview:large","max-video-preview":"max-video-preview:-1"},"canonical":"https:\/\/fluxfluor.com\/no\/sporsmal-og-svar\/","og_locale":"nb_NO","og_type":"article","og_title":"Sp\u00f8rsm\u00e5l og svar - Flux","og_description":"Sp\u00f8rsm\u00e5l og svar: Hva er bra med Flux Junior Tannkrem? Hva er forskjellen p\u00e5 en barnetannkrem og en tannkrem for voksne?","og_url":"https:\/\/fluxfluor.com\/no\/sporsmal-og-svar\/","og_site_name":"Flux","article_modified_time":"2026-04-22T13:08:02+00:00","twitter_card":"summary_large_image","twitter_misc":{"Ansl. lesetid":"3 minutter"},"schema":{"@context":"https:\/\/schema.org","@graph":[{"@type":"WebPage","@id":"https:\/\/fluxfluor.com\/no\/sporsmal-og-svar\/","url":"https:\/\/fluxfluor.com\/no\/sporsmal-og-svar\/","name":"Sp\u00f8rsm\u00e5l og svar - Flux","isPartOf":{"@id":"https:\/\/fluxfluor.com\/no\/#website"},"datePublished":"2022-07-04T13:56:29+00:00","dateModified":"2026-04-22T13:08:02+00:00","description":"Sp\u00f8rsm\u00e5l og svar: Hva er bra med Flux Junior Tannkrem? Hva er forskjellen p\u00e5 en barnetannkrem og en tannkrem for voksne?","breadcrumb":{"@id":"https:\/\/fluxfluor.com\/no\/sporsmal-og-svar\/#breadcrumb"},"inLanguage":"nb-NO","potentialAction":[{"@type":"ReadAction","target":["https:\/\/fluxfluor.com\/no\/sporsmal-og-svar\/"]}]},{"@type":"BreadcrumbList","@id":"https:\/\/fluxfluor.com\/no\/sporsmal-og-svar\/#breadcrumb","itemListElement":[{"@type":"ListItem","position":1,"name":"Home","item":"https:\/\/fluxfluor.com\/no\/"},{"@type":"ListItem","position":2,"name":"Sp\u00f8rsm\u00e5l og svar"}]},{"@type":"WebSite","@id":"https:\/\/fluxfluor.com\/no\/#website","url":"https:\/\/fluxfluor.com\/no\/","name":"Flux","description":"","publisher":{"@id":"https:\/\/fluxfluor.com\/no\/#organization"},"potentialAction":[{"@type":"SearchAction","target":{"@type":"EntryPoint","urlTemplate":"https:\/\/fluxfluor.com\/no\/?s={search_term_string}"},"query-input":{"@type":"PropertyValueSpecification","valueRequired":true,"valueName":"search_term_string"}}],"inLanguage":"nb-NO"},{"@type":"Organization","@id":"https:\/\/fluxfluor.com\/no\/#organization","name":"Flux","url":"https:\/\/fluxfluor.com\/no\/","logo":{"@type":"ImageObject","inLanguage":"nb-NO","@id":"https:\/\/fluxfluor.com\/no\/#\/schema\/logo\/image\/","url":"https:\/\/fluxfluor.com\/app\/uploads\/sites\/3\/2022\/06\/flux-logotype.png","contentUrl":"https:\/\/fluxfluor.com\/app\/uploads\/sites\/3\/2022\/06\/flux-logotype.png","width":130,"height":32,"caption":"Flux"},"image":{"@id":"https:\/\/fluxfluor.com\/no\/#\/schema\/logo\/image\/"}}]}},"_links":{"self":[{"href":"https:\/\/fluxfluor.com\/no\/wp-json\/wp\/v2\/pages\/37","targetHints":{"allow":["GET"]}}],"collection":[{"href":"https:\/\/fluxfluor.com\/no\/wp-json\/wp\/v2\/pages"}],"about":[{"href":"https:\/\/fluxfluor.com\/no\/wp-json\/wp\/v2\/types\/page"}],"author":[{"embeddable":true,"href":"https:\/\/fluxfluor.com\/no\/wp-json\/wp\/v2\/users\/2"}],"replies":[{"embeddable":true,"href":"https:\/\/fluxfluor.com\/no\/wp-json\/wp\/v2\/comments?post=37"}],"version-history":[{"count":6,"href":"https:\/\/fluxfluor.com\/no\/wp-json\/wp\/v2\/pages\/37\/revisions"}],"predecessor-version":[{"id":583,"href":"https:\/\/fluxfluor.com\/no\/wp-json\/wp\/v2\/pages\/37\/revisions\/583"}],"wp:attachment":[{"href":"https:\/\/fluxfluor.com\/no\/wp-json\/wp\/v2\/media?parent=37"}],"wp:term":[{"taxonomy":"from-article-database","embeddable":true,"href":"https:\/\/fluxfluor.com\/no\/wp-json\/wp\/v2\/from-article-database?post=37"}],"curies":[{"name":"wp","href":"https:\/\/api.w.org\/{rel}","templated":true}]}}