{"id":83,"date":"2022-07-18T10:32:38","date_gmt":"2022-07-18T07:32:38","guid":{"rendered":"https:\/\/fluxfluor.com\/fi\/?post_type=product&#038;p=83"},"modified":"2026-02-20T12:30:34","modified_gmt":"2026-02-20T10:30:34","slug":"flux-pro-chlorhexidine-suuvesi","status":"publish","type":"product","link":"https:\/\/fluxfluor.com\/fi\/tuote\/flux-pro-chlorhexidine-suuvesi\/","title":{"rendered":"Flux PRO Chlorhexidine Suuvesi"},"content":{"rendered":"","protected":false},"excerpt":{"rendered":"","protected":false},"featured_media":578,"comment_status":"closed","ping_status":"closed","template":"","meta":{"_acf_changed":false,"footnotes":""},"product_brand":[],"product_cat":[],"product_tag":[],"class_list":{"0":"post-83","1":"product","2":"type-product","3":"status-publish","4":"has-post-thumbnail","7":"first","8":"instock","9":"shipping-taxable","10":"product-type-simple"},"acf":[],"yoast_head":"<!-- This site is optimized with the Yoast SEO plugin v26.6 - https:\/\/yoast.com\/wordpress\/plugins\/seo\/ -->\n<title>Flux PRO Chlorhexidine Suuvesi - Flux<\/title>\n<meta name=\"description\" content=\"Flux PRO Chlorhexidine on suuvesi, joka sis\u00e4lt\u00e4\u00e4 sek\u00e4 klooriheksidiini\u00e4 ett\u00e4 fluoria.\" \/>\n<meta name=\"robots\" content=\"index, follow, max-snippet:-1, max-image-preview:large, max-video-preview:-1\" \/>\n<link rel=\"canonical\" href=\"https:\/\/fluxfluor.com\/fi\/tuote\/flux-pro-chlorhexidine-suuvesi\/\" \/>\n<meta property=\"og:locale\" content=\"fi_FI\" \/>\n<meta property=\"og:type\" content=\"article\" \/>\n<meta property=\"og:title\" content=\"Flux PRO Chlorhexidine Suuvesi - Flux\" \/>\n<meta property=\"og:description\" content=\"Flux PRO Chlorhexidine on suuvesi, joka sis\u00e4lt\u00e4\u00e4 sek\u00e4 klooriheksidiini\u00e4 ett\u00e4 fluoria.\" \/>\n<meta property=\"og:url\" content=\"https:\/\/fluxfluor.com\/fi\/tuote\/flux-pro-chlorhexidine-suuvesi\/\" \/>\n<meta property=\"og:site_name\" content=\"Flux\" \/>\n<meta property=\"article:modified_time\" content=\"2026-02-20T10:30:34+00:00\" \/>\n<meta property=\"og:image\" content=\"https:\/\/fluxfluor.com\/app\/uploads\/sites\/4\/2022\/07\/Flux-Klorhexidin.png\" \/>\n\t<meta property=\"og:image:width\" content=\"800\" \/>\n\t<meta property=\"og:image:height\" content=\"800\" \/>\n\t<meta property=\"og:image:type\" content=\"image\/png\" \/>\n<meta name=\"twitter:card\" content=\"summary_large_image\" \/>\n<meta name=\"twitter:label1\" content=\"Est. reading time\" \/>\n\t<meta name=\"twitter:data1\" content=\"1 minute\" \/>\n<script type=\"application\/ld+json\" class=\"yoast-schema-graph\">{\"@context\":\"https:\/\/schema.org\",\"@graph\":[{\"@type\":\"WebPage\",\"@id\":\"https:\/\/fluxfluor.com\/fi\/tuote\/flux-pro-chlorhexidine-suuvesi\/\",\"url\":\"https:\/\/fluxfluor.com\/fi\/tuote\/flux-pro-chlorhexidine-suuvesi\/\",\"name\":\"Flux PRO Chlorhexidine Suuvesi - Flux\",\"isPartOf\":{\"@id\":\"https:\/\/fluxfluor.com\/fi\/#website\"},\"primaryImageOfPage\":{\"@id\":\"https:\/\/fluxfluor.com\/fi\/tuote\/flux-pro-chlorhexidine-suuvesi\/#primaryimage\"},\"image\":{\"@id\":\"https:\/\/fluxfluor.com\/fi\/tuote\/flux-pro-chlorhexidine-suuvesi\/#primaryimage\"},\"thumbnailUrl\":\"https:\/\/fluxfluor.com\/app\/uploads\/sites\/4\/2022\/07\/Flux-Klorhexidin.png\",\"datePublished\":\"2022-07-18T07:32:38+00:00\",\"dateModified\":\"2026-02-20T10:30:34+00:00\",\"description\":\"Flux PRO Chlorhexidine on suuvesi, joka sis\u00e4lt\u00e4\u00e4 sek\u00e4 klooriheksidiini\u00e4 ett\u00e4 fluoria.\",\"breadcrumb\":{\"@id\":\"https:\/\/fluxfluor.com\/fi\/tuote\/flux-pro-chlorhexidine-suuvesi\/#breadcrumb\"},\"inLanguage\":\"fi-FI\",\"potentialAction\":[{\"@type\":\"ReadAction\",\"target\":[\"https:\/\/fluxfluor.com\/fi\/tuote\/flux-pro-chlorhexidine-suuvesi\/\"]}]},{\"@type\":\"ImageObject\",\"inLanguage\":\"fi-FI\",\"@id\":\"https:\/\/fluxfluor.com\/fi\/tuote\/flux-pro-chlorhexidine-suuvesi\/#primaryimage\",\"url\":\"https:\/\/fluxfluor.com\/app\/uploads\/sites\/4\/2022\/07\/Flux-Klorhexidin.png\",\"contentUrl\":\"https:\/\/fluxfluor.com\/app\/uploads\/sites\/4\/2022\/07\/Flux-Klorhexidin.png\",\"width\":800,\"height\":800,\"caption\":\"Flux Klorhexidin\"},{\"@type\":\"BreadcrumbList\",\"@id\":\"https:\/\/fluxfluor.com\/fi\/tuote\/flux-pro-chlorhexidine-suuvesi\/#breadcrumb\",\"itemListElement\":[{\"@type\":\"ListItem\",\"position\":1,\"name\":\"Home\",\"item\":\"https:\/\/fluxfluor.com\/fi\/\"},{\"@type\":\"ListItem\",\"position\":2,\"name\":\"Tuotteet\",\"item\":\"https:\/\/fluxfluor.com\/fi\/tuotteet\/\"},{\"@type\":\"ListItem\",\"position\":3,\"name\":\"Flux PRO Chlorhexidine Suuvesi\"}]},{\"@type\":\"WebSite\",\"@id\":\"https:\/\/fluxfluor.com\/fi\/#website\",\"url\":\"https:\/\/fluxfluor.com\/fi\/\",\"name\":\"Flux\",\"description\":\"\",\"publisher\":{\"@id\":\"https:\/\/fluxfluor.com\/fi\/#organization\"},\"potentialAction\":[{\"@type\":\"SearchAction\",\"target\":{\"@type\":\"EntryPoint\",\"urlTemplate\":\"https:\/\/fluxfluor.com\/fi\/?s={search_term_string}\"},\"query-input\":{\"@type\":\"PropertyValueSpecification\",\"valueRequired\":true,\"valueName\":\"search_term_string\"}}],\"inLanguage\":\"fi-FI\"},{\"@type\":\"Organization\",\"@id\":\"https:\/\/fluxfluor.com\/fi\/#organization\",\"name\":\"Flux\",\"url\":\"https:\/\/fluxfluor.com\/fi\/\",\"logo\":{\"@type\":\"ImageObject\",\"inLanguage\":\"fi-FI\",\"@id\":\"https:\/\/fluxfluor.com\/fi\/#\/schema\/logo\/image\/\",\"url\":\"https:\/\/fluxfluor.com\/app\/uploads\/sites\/4\/2022\/06\/flux-logotype.png\",\"contentUrl\":\"https:\/\/fluxfluor.com\/app\/uploads\/sites\/4\/2022\/06\/flux-logotype.png\",\"width\":130,\"height\":32,\"caption\":\"Flux\"},\"image\":{\"@id\":\"https:\/\/fluxfluor.com\/fi\/#\/schema\/logo\/image\/\"}}]}<\/script>\n<!-- \/ Yoast SEO plugin. -->","yoast_head_json":{"title":"Flux PRO Chlorhexidine Suuvesi - Flux","description":"Flux PRO Chlorhexidine on suuvesi, joka sis\u00e4lt\u00e4\u00e4 sek\u00e4 klooriheksidiini\u00e4 ett\u00e4 fluoria.","robots":{"index":"index","follow":"follow","max-snippet":"max-snippet:-1","max-image-preview":"max-image-preview:large","max-video-preview":"max-video-preview:-1"},"canonical":"https:\/\/fluxfluor.com\/fi\/tuote\/flux-pro-chlorhexidine-suuvesi\/","og_locale":"fi_FI","og_type":"article","og_title":"Flux PRO Chlorhexidine Suuvesi - Flux","og_description":"Flux PRO Chlorhexidine on suuvesi, joka sis\u00e4lt\u00e4\u00e4 sek\u00e4 klooriheksidiini\u00e4 ett\u00e4 fluoria.","og_url":"https:\/\/fluxfluor.com\/fi\/tuote\/flux-pro-chlorhexidine-suuvesi\/","og_site_name":"Flux","article_modified_time":"2026-02-20T10:30:34+00:00","og_image":[{"width":800,"height":800,"url":"https:\/\/fluxfluor.com\/app\/uploads\/sites\/4\/2022\/07\/Flux-Klorhexidin.png","type":"image\/png"}],"twitter_card":"summary_large_image","twitter_misc":{"Est. reading time":"1 minute"},"schema":{"@context":"https:\/\/schema.org","@graph":[{"@type":"WebPage","@id":"https:\/\/fluxfluor.com\/fi\/tuote\/flux-pro-chlorhexidine-suuvesi\/","url":"https:\/\/fluxfluor.com\/fi\/tuote\/flux-pro-chlorhexidine-suuvesi\/","name":"Flux PRO Chlorhexidine Suuvesi - Flux","isPartOf":{"@id":"https:\/\/fluxfluor.com\/fi\/#website"},"primaryImageOfPage":{"@id":"https:\/\/fluxfluor.com\/fi\/tuote\/flux-pro-chlorhexidine-suuvesi\/#primaryimage"},"image":{"@id":"https:\/\/fluxfluor.com\/fi\/tuote\/flux-pro-chlorhexidine-suuvesi\/#primaryimage"},"thumbnailUrl":"https:\/\/fluxfluor.com\/app\/uploads\/sites\/4\/2022\/07\/Flux-Klorhexidin.png","datePublished":"2022-07-18T07:32:38+00:00","dateModified":"2026-02-20T10:30:34+00:00","description":"Flux PRO Chlorhexidine on suuvesi, joka sis\u00e4lt\u00e4\u00e4 sek\u00e4 klooriheksidiini\u00e4 ett\u00e4 fluoria.","breadcrumb":{"@id":"https:\/\/fluxfluor.com\/fi\/tuote\/flux-pro-chlorhexidine-suuvesi\/#breadcrumb"},"inLanguage":"fi-FI","potentialAction":[{"@type":"ReadAction","target":["https:\/\/fluxfluor.com\/fi\/tuote\/flux-pro-chlorhexidine-suuvesi\/"]}]},{"@type":"ImageObject","inLanguage":"fi-FI","@id":"https:\/\/fluxfluor.com\/fi\/tuote\/flux-pro-chlorhexidine-suuvesi\/#primaryimage","url":"https:\/\/fluxfluor.com\/app\/uploads\/sites\/4\/2022\/07\/Flux-Klorhexidin.png","contentUrl":"https:\/\/fluxfluor.com\/app\/uploads\/sites\/4\/2022\/07\/Flux-Klorhexidin.png","width":800,"height":800,"caption":"Flux Klorhexidin"},{"@type":"BreadcrumbList","@id":"https:\/\/fluxfluor.com\/fi\/tuote\/flux-pro-chlorhexidine-suuvesi\/#breadcrumb","itemListElement":[{"@type":"ListItem","position":1,"name":"Home","item":"https:\/\/fluxfluor.com\/fi\/"},{"@type":"ListItem","position":2,"name":"Tuotteet","item":"https:\/\/fluxfluor.com\/fi\/tuotteet\/"},{"@type":"ListItem","position":3,"name":"Flux PRO Chlorhexidine Suuvesi"}]},{"@type":"WebSite","@id":"https:\/\/fluxfluor.com\/fi\/#website","url":"https:\/\/fluxfluor.com\/fi\/","name":"Flux","description":"","publisher":{"@id":"https:\/\/fluxfluor.com\/fi\/#organization"},"potentialAction":[{"@type":"SearchAction","target":{"@type":"EntryPoint","urlTemplate":"https:\/\/fluxfluor.com\/fi\/?s={search_term_string}"},"query-input":{"@type":"PropertyValueSpecification","valueRequired":true,"valueName":"search_term_string"}}],"inLanguage":"fi-FI"},{"@type":"Organization","@id":"https:\/\/fluxfluor.com\/fi\/#organization","name":"Flux","url":"https:\/\/fluxfluor.com\/fi\/","logo":{"@type":"ImageObject","inLanguage":"fi-FI","@id":"https:\/\/fluxfluor.com\/fi\/#\/schema\/logo\/image\/","url":"https:\/\/fluxfluor.com\/app\/uploads\/sites\/4\/2022\/06\/flux-logotype.png","contentUrl":"https:\/\/fluxfluor.com\/app\/uploads\/sites\/4\/2022\/06\/flux-logotype.png","width":130,"height":32,"caption":"Flux"},"image":{"@id":"https:\/\/fluxfluor.com\/fi\/#\/schema\/logo\/image\/"}}]}},"_links":{"self":[{"href":"https:\/\/fluxfluor.com\/fi\/wp-json\/wp\/v2\/product\/83","targetHints":{"allow":["GET"]}}],"collection":[{"href":"https:\/\/fluxfluor.com\/fi\/wp-json\/wp\/v2\/product"}],"about":[{"href":"https:\/\/fluxfluor.com\/fi\/wp-json\/wp\/v2\/types\/product"}],"replies":[{"embeddable":true,"href":"https:\/\/fluxfluor.com\/fi\/wp-json\/wp\/v2\/comments?post=83"}],"version-history":[{"count":10,"href":"https:\/\/fluxfluor.com\/fi\/wp-json\/wp\/v2\/product\/83\/revisions"}],"predecessor-version":[{"id":596,"href":"https:\/\/fluxfluor.com\/fi\/wp-json\/wp\/v2\/product\/83\/revisions\/596"}],"wp:featuredmedia":[{"embeddable":true,"href":"https:\/\/fluxfluor.com\/fi\/wp-json\/wp\/v2\/media\/578"}],"wp:attachment":[{"href":"https:\/\/fluxfluor.com\/fi\/wp-json\/wp\/v2\/media?parent=83"}],"wp:term":[{"taxonomy":"product_brand","embeddable":true,"href":"https:\/\/fluxfluor.com\/fi\/wp-json\/wp\/v2\/product_brand?post=83"},{"taxonomy":"product_cat","embeddable":true,"href":"https:\/\/fluxfluor.com\/fi\/wp-json\/wp\/v2\/product_cat?post=83"},{"taxonomy":"product_tag","embeddable":true,"href":"https:\/\/fluxfluor.com\/fi\/wp-json\/wp\/v2\/product_tag?post=83"}],"curies":[{"name":"wp","href":"https:\/\/api.w.org\/{rel}","templated":true}]}}