{"id":528,"date":"2025-01-13T11:47:06","date_gmt":"2025-01-13T09:47:06","guid":{"rendered":"https:\/\/fluxfluor.com\/fi\/?post_type=product&#038;p=528"},"modified":"2026-02-20T12:30:41","modified_gmt":"2026-02-20T10:30:41","slug":"flux-fluoritabletti-minttu","status":"publish","type":"product","link":"https:\/\/fluxfluor.com\/fi\/tuote\/flux-fluoritabletti-minttu\/","title":{"rendered":"Flux Fluoritabletti minttu"},"content":{"rendered":"","protected":false},"excerpt":{"rendered":"","protected":false},"featured_media":529,"comment_status":"closed","ping_status":"closed","template":"","meta":{"_acf_changed":false,"footnotes":""},"product_brand":[],"product_cat":[18],"product_tag":[],"class_list":{"0":"post-528","1":"product","2":"type-product","3":"status-publish","4":"has-post-thumbnail","6":"product_cat-vahvat-hampaat","8":"first","9":"instock","10":"shipping-taxable","11":"product-type-simple"},"acf":[],"yoast_head":"<!-- This site is optimized with the Yoast SEO plugin v26.6 - https:\/\/yoast.com\/wordpress\/plugins\/seo\/ -->\n<title>Flux Fluoritabletti minttu - Flux<\/title>\n<meta name=\"description\" content=\"Flux Fluoritabletti minttu on sokeriton imeskelytabletti, joka sis\u00e4lt\u00e4\u00e4 0,25 mg fluoria. Se auttaa yll\u00e4pit\u00e4m\u00e4\u00e4n hampaiden mineralisaatiota.\" \/>\n<meta name=\"robots\" content=\"index, follow, max-snippet:-1, max-image-preview:large, max-video-preview:-1\" \/>\n<link rel=\"canonical\" href=\"https:\/\/fluxfluor.com\/fi\/tuote\/flux-fluoritabletti-minttu\/\" \/>\n<meta property=\"og:locale\" content=\"fi_FI\" \/>\n<meta property=\"og:type\" content=\"article\" \/>\n<meta property=\"og:title\" content=\"Flux Fluoritabletti minttu - Flux\" \/>\n<meta property=\"og:description\" content=\"Flux Fluoritabletti minttu on sokeriton imeskelytabletti, joka sis\u00e4lt\u00e4\u00e4 0,25 mg fluoria. Se auttaa yll\u00e4pit\u00e4m\u00e4\u00e4n hampaiden mineralisaatiota.\" \/>\n<meta property=\"og:url\" content=\"https:\/\/fluxfluor.com\/fi\/tuote\/flux-fluoritabletti-minttu\/\" \/>\n<meta property=\"og:site_name\" content=\"Flux\" \/>\n<meta property=\"article:modified_time\" content=\"2026-02-20T10:30:41+00:00\" \/>\n<meta property=\"og:image\" content=\"https:\/\/fluxfluor.com\/app\/uploads\/sites\/4\/2025\/01\/flux-mint.png\" \/>\n\t<meta property=\"og:image:width\" content=\"800\" \/>\n\t<meta property=\"og:image:height\" content=\"800\" \/>\n\t<meta property=\"og:image:type\" content=\"image\/png\" \/>\n<meta name=\"twitter:card\" content=\"summary_large_image\" \/>\n<meta name=\"twitter:label1\" content=\"Est. reading time\" \/>\n\t<meta name=\"twitter:data1\" content=\"1 minute\" \/>\n<script type=\"application\/ld+json\" class=\"yoast-schema-graph\">{\"@context\":\"https:\/\/schema.org\",\"@graph\":[{\"@type\":\"WebPage\",\"@id\":\"https:\/\/fluxfluor.com\/fi\/tuote\/flux-fluoritabletti-minttu\/\",\"url\":\"https:\/\/fluxfluor.com\/fi\/tuote\/flux-fluoritabletti-minttu\/\",\"name\":\"Flux Fluoritabletti minttu - Flux\",\"isPartOf\":{\"@id\":\"https:\/\/fluxfluor.com\/fi\/#website\"},\"primaryImageOfPage\":{\"@id\":\"https:\/\/fluxfluor.com\/fi\/tuote\/flux-fluoritabletti-minttu\/#primaryimage\"},\"image\":{\"@id\":\"https:\/\/fluxfluor.com\/fi\/tuote\/flux-fluoritabletti-minttu\/#primaryimage\"},\"thumbnailUrl\":\"https:\/\/fluxfluor.com\/app\/uploads\/sites\/4\/2025\/01\/flux-mint.png\",\"datePublished\":\"2025-01-13T09:47:06+00:00\",\"dateModified\":\"2026-02-20T10:30:41+00:00\",\"description\":\"Flux Fluoritabletti minttu on sokeriton imeskelytabletti, joka sis\u00e4lt\u00e4\u00e4 0,25 mg fluoria. Se auttaa yll\u00e4pit\u00e4m\u00e4\u00e4n hampaiden mineralisaatiota.\",\"breadcrumb\":{\"@id\":\"https:\/\/fluxfluor.com\/fi\/tuote\/flux-fluoritabletti-minttu\/#breadcrumb\"},\"inLanguage\":\"fi-FI\",\"potentialAction\":[{\"@type\":\"ReadAction\",\"target\":[\"https:\/\/fluxfluor.com\/fi\/tuote\/flux-fluoritabletti-minttu\/\"]}]},{\"@type\":\"ImageObject\",\"inLanguage\":\"fi-FI\",\"@id\":\"https:\/\/fluxfluor.com\/fi\/tuote\/flux-fluoritabletti-minttu\/#primaryimage\",\"url\":\"https:\/\/fluxfluor.com\/app\/uploads\/sites\/4\/2025\/01\/flux-mint.png\",\"contentUrl\":\"https:\/\/fluxfluor.com\/app\/uploads\/sites\/4\/2025\/01\/flux-mint.png\",\"width\":800,\"height\":800,\"caption\":\"Flux Fluoritabletti minttu\"},{\"@type\":\"BreadcrumbList\",\"@id\":\"https:\/\/fluxfluor.com\/fi\/tuote\/flux-fluoritabletti-minttu\/#breadcrumb\",\"itemListElement\":[{\"@type\":\"ListItem\",\"position\":1,\"name\":\"Home\",\"item\":\"https:\/\/fluxfluor.com\/fi\/\"},{\"@type\":\"ListItem\",\"position\":2,\"name\":\"Tuotteet\",\"item\":\"https:\/\/fluxfluor.com\/fi\/tuotteet\/\"},{\"@type\":\"ListItem\",\"position\":3,\"name\":\"Flux Fluoritabletti minttu\"}]},{\"@type\":\"WebSite\",\"@id\":\"https:\/\/fluxfluor.com\/fi\/#website\",\"url\":\"https:\/\/fluxfluor.com\/fi\/\",\"name\":\"Flux\",\"description\":\"\",\"publisher\":{\"@id\":\"https:\/\/fluxfluor.com\/fi\/#organization\"},\"potentialAction\":[{\"@type\":\"SearchAction\",\"target\":{\"@type\":\"EntryPoint\",\"urlTemplate\":\"https:\/\/fluxfluor.com\/fi\/?s={search_term_string}\"},\"query-input\":{\"@type\":\"PropertyValueSpecification\",\"valueRequired\":true,\"valueName\":\"search_term_string\"}}],\"inLanguage\":\"fi-FI\"},{\"@type\":\"Organization\",\"@id\":\"https:\/\/fluxfluor.com\/fi\/#organization\",\"name\":\"Flux\",\"url\":\"https:\/\/fluxfluor.com\/fi\/\",\"logo\":{\"@type\":\"ImageObject\",\"inLanguage\":\"fi-FI\",\"@id\":\"https:\/\/fluxfluor.com\/fi\/#\/schema\/logo\/image\/\",\"url\":\"https:\/\/fluxfluor.com\/app\/uploads\/sites\/4\/2022\/06\/flux-logotype.png\",\"contentUrl\":\"https:\/\/fluxfluor.com\/app\/uploads\/sites\/4\/2022\/06\/flux-logotype.png\",\"width\":130,\"height\":32,\"caption\":\"Flux\"},\"image\":{\"@id\":\"https:\/\/fluxfluor.com\/fi\/#\/schema\/logo\/image\/\"}}]}<\/script>\n<!-- \/ Yoast SEO plugin. -->","yoast_head_json":{"title":"Flux Fluoritabletti minttu - Flux","description":"Flux Fluoritabletti minttu on sokeriton imeskelytabletti, joka sis\u00e4lt\u00e4\u00e4 0,25 mg fluoria. Se auttaa yll\u00e4pit\u00e4m\u00e4\u00e4n hampaiden mineralisaatiota.","robots":{"index":"index","follow":"follow","max-snippet":"max-snippet:-1","max-image-preview":"max-image-preview:large","max-video-preview":"max-video-preview:-1"},"canonical":"https:\/\/fluxfluor.com\/fi\/tuote\/flux-fluoritabletti-minttu\/","og_locale":"fi_FI","og_type":"article","og_title":"Flux Fluoritabletti minttu - Flux","og_description":"Flux Fluoritabletti minttu on sokeriton imeskelytabletti, joka sis\u00e4lt\u00e4\u00e4 0,25 mg fluoria. Se auttaa yll\u00e4pit\u00e4m\u00e4\u00e4n hampaiden mineralisaatiota.","og_url":"https:\/\/fluxfluor.com\/fi\/tuote\/flux-fluoritabletti-minttu\/","og_site_name":"Flux","article_modified_time":"2026-02-20T10:30:41+00:00","og_image":[{"width":800,"height":800,"url":"https:\/\/fluxfluor.com\/app\/uploads\/sites\/4\/2025\/01\/flux-mint.png","type":"image\/png"}],"twitter_card":"summary_large_image","twitter_misc":{"Est. reading time":"1 minute"},"schema":{"@context":"https:\/\/schema.org","@graph":[{"@type":"WebPage","@id":"https:\/\/fluxfluor.com\/fi\/tuote\/flux-fluoritabletti-minttu\/","url":"https:\/\/fluxfluor.com\/fi\/tuote\/flux-fluoritabletti-minttu\/","name":"Flux Fluoritabletti minttu - Flux","isPartOf":{"@id":"https:\/\/fluxfluor.com\/fi\/#website"},"primaryImageOfPage":{"@id":"https:\/\/fluxfluor.com\/fi\/tuote\/flux-fluoritabletti-minttu\/#primaryimage"},"image":{"@id":"https:\/\/fluxfluor.com\/fi\/tuote\/flux-fluoritabletti-minttu\/#primaryimage"},"thumbnailUrl":"https:\/\/fluxfluor.com\/app\/uploads\/sites\/4\/2025\/01\/flux-mint.png","datePublished":"2025-01-13T09:47:06+00:00","dateModified":"2026-02-20T10:30:41+00:00","description":"Flux Fluoritabletti minttu on sokeriton imeskelytabletti, joka sis\u00e4lt\u00e4\u00e4 0,25 mg fluoria. Se auttaa yll\u00e4pit\u00e4m\u00e4\u00e4n hampaiden mineralisaatiota.","breadcrumb":{"@id":"https:\/\/fluxfluor.com\/fi\/tuote\/flux-fluoritabletti-minttu\/#breadcrumb"},"inLanguage":"fi-FI","potentialAction":[{"@type":"ReadAction","target":["https:\/\/fluxfluor.com\/fi\/tuote\/flux-fluoritabletti-minttu\/"]}]},{"@type":"ImageObject","inLanguage":"fi-FI","@id":"https:\/\/fluxfluor.com\/fi\/tuote\/flux-fluoritabletti-minttu\/#primaryimage","url":"https:\/\/fluxfluor.com\/app\/uploads\/sites\/4\/2025\/01\/flux-mint.png","contentUrl":"https:\/\/fluxfluor.com\/app\/uploads\/sites\/4\/2025\/01\/flux-mint.png","width":800,"height":800,"caption":"Flux Fluoritabletti minttu"},{"@type":"BreadcrumbList","@id":"https:\/\/fluxfluor.com\/fi\/tuote\/flux-fluoritabletti-minttu\/#breadcrumb","itemListElement":[{"@type":"ListItem","position":1,"name":"Home","item":"https:\/\/fluxfluor.com\/fi\/"},{"@type":"ListItem","position":2,"name":"Tuotteet","item":"https:\/\/fluxfluor.com\/fi\/tuotteet\/"},{"@type":"ListItem","position":3,"name":"Flux Fluoritabletti minttu"}]},{"@type":"WebSite","@id":"https:\/\/fluxfluor.com\/fi\/#website","url":"https:\/\/fluxfluor.com\/fi\/","name":"Flux","description":"","publisher":{"@id":"https:\/\/fluxfluor.com\/fi\/#organization"},"potentialAction":[{"@type":"SearchAction","target":{"@type":"EntryPoint","urlTemplate":"https:\/\/fluxfluor.com\/fi\/?s={search_term_string}"},"query-input":{"@type":"PropertyValueSpecification","valueRequired":true,"valueName":"search_term_string"}}],"inLanguage":"fi-FI"},{"@type":"Organization","@id":"https:\/\/fluxfluor.com\/fi\/#organization","name":"Flux","url":"https:\/\/fluxfluor.com\/fi\/","logo":{"@type":"ImageObject","inLanguage":"fi-FI","@id":"https:\/\/fluxfluor.com\/fi\/#\/schema\/logo\/image\/","url":"https:\/\/fluxfluor.com\/app\/uploads\/sites\/4\/2022\/06\/flux-logotype.png","contentUrl":"https:\/\/fluxfluor.com\/app\/uploads\/sites\/4\/2022\/06\/flux-logotype.png","width":130,"height":32,"caption":"Flux"},"image":{"@id":"https:\/\/fluxfluor.com\/fi\/#\/schema\/logo\/image\/"}}]}},"_links":{"self":[{"href":"https:\/\/fluxfluor.com\/fi\/wp-json\/wp\/v2\/product\/528","targetHints":{"allow":["GET"]}}],"collection":[{"href":"https:\/\/fluxfluor.com\/fi\/wp-json\/wp\/v2\/product"}],"about":[{"href":"https:\/\/fluxfluor.com\/fi\/wp-json\/wp\/v2\/types\/product"}],"replies":[{"embeddable":true,"href":"https:\/\/fluxfluor.com\/fi\/wp-json\/wp\/v2\/comments?post=528"}],"version-history":[{"count":3,"href":"https:\/\/fluxfluor.com\/fi\/wp-json\/wp\/v2\/product\/528\/revisions"}],"predecessor-version":[{"id":599,"href":"https:\/\/fluxfluor.com\/fi\/wp-json\/wp\/v2\/product\/528\/revisions\/599"}],"wp:featuredmedia":[{"embeddable":true,"href":"https:\/\/fluxfluor.com\/fi\/wp-json\/wp\/v2\/media\/529"}],"wp:attachment":[{"href":"https:\/\/fluxfluor.com\/fi\/wp-json\/wp\/v2\/media?parent=528"}],"wp:term":[{"taxonomy":"product_brand","embeddable":true,"href":"https:\/\/fluxfluor.com\/fi\/wp-json\/wp\/v2\/product_brand?post=528"},{"taxonomy":"product_cat","embeddable":true,"href":"https:\/\/fluxfluor.com\/fi\/wp-json\/wp\/v2\/product_cat?post=528"},{"taxonomy":"product_tag","embeddable":true,"href":"https:\/\/fluxfluor.com\/fi\/wp-json\/wp\/v2\/product_tag?post=528"}],"curies":[{"name":"wp","href":"https:\/\/api.w.org\/{rel}","templated":true}]}}