{"id":474,"date":"2023-12-21T16:27:03","date_gmt":"2023-12-21T14:27:03","guid":{"rendered":"https:\/\/fluxfluor.com\/fi\/?post_type=product&#038;p=474"},"modified":"2026-02-20T12:36:47","modified_gmt":"2026-02-20T10:36:47","slug":"flux-prevent-plaque","status":"publish","type":"product","link":"https:\/\/fluxfluor.com\/fi\/tuote\/flux-prevent-plaque\/","title":{"rendered":"Flux+ Prevent Plaque"},"content":{"rendered":"","protected":false},"excerpt":{"rendered":"","protected":false},"featured_media":575,"comment_status":"closed","ping_status":"closed","template":"","meta":{"_acf_changed":false,"footnotes":""},"product_brand":[],"product_cat":[22,21],"product_tag":[],"class_list":{"0":"post-474","1":"product","2":"type-product","3":"status-publish","4":"has-post-thumbnail","6":"product_cat-flux","7":"product_cat-raikastaa-hengitysta","9":"first","10":"instock","11":"shipping-taxable","12":"product-type-simple"},"acf":[],"yoast_head":"<!-- This site is optimized with the Yoast SEO plugin v26.6 - https:\/\/yoast.com\/wordpress\/plugins\/seo\/ -->\n<title>Flux+ Prevent Plaque - Flux<\/title>\n<meta name=\"description\" content=\"Flux+ Prevent Plaque on kaksivaikutteinen suuvesi: 1. Ehk\u00e4isee plakkia. 2. Vahvistaa hampaita ja ehk\u00e4isee hampaiden reikiintymist\u00e4 (kariesta), sis\u00e4lt\u00e4\u00e4 fluoridia (NaF 0,2 %).\" \/>\n<meta name=\"robots\" content=\"index, follow, max-snippet:-1, max-image-preview:large, max-video-preview:-1\" \/>\n<link rel=\"canonical\" href=\"https:\/\/fluxfluor.com\/fi\/tuote\/flux-prevent-plaque\/\" \/>\n<meta property=\"og:locale\" content=\"fi_FI\" \/>\n<meta property=\"og:type\" content=\"article\" \/>\n<meta property=\"og:title\" content=\"Flux+ Prevent Plaque - Flux\" \/>\n<meta property=\"og:description\" content=\"Flux+ Prevent Plaque on kaksivaikutteinen suuvesi: 1. Ehk\u00e4isee plakkia. 2. Vahvistaa hampaita ja ehk\u00e4isee hampaiden reikiintymist\u00e4 (kariesta), sis\u00e4lt\u00e4\u00e4 fluoridia (NaF 0,2 %).\" \/>\n<meta property=\"og:url\" content=\"https:\/\/fluxfluor.com\/fi\/tuote\/flux-prevent-plaque\/\" \/>\n<meta property=\"og:site_name\" content=\"Flux\" \/>\n<meta property=\"article:modified_time\" content=\"2026-02-20T10:36:47+00:00\" \/>\n<meta property=\"og:image\" content=\"https:\/\/fluxfluor.com\/app\/uploads\/sites\/4\/2023\/12\/SV_Prevent_Plaque.png\" \/>\n\t<meta property=\"og:image:width\" content=\"800\" \/>\n\t<meta property=\"og:image:height\" content=\"800\" \/>\n\t<meta property=\"og:image:type\" content=\"image\/png\" \/>\n<meta name=\"twitter:card\" content=\"summary_large_image\" \/>\n<meta name=\"twitter:label1\" content=\"Est. reading time\" \/>\n\t<meta name=\"twitter:data1\" content=\"1 minute\" \/>\n<script type=\"application\/ld+json\" class=\"yoast-schema-graph\">{\"@context\":\"https:\/\/schema.org\",\"@graph\":[{\"@type\":\"WebPage\",\"@id\":\"https:\/\/fluxfluor.com\/fi\/tuote\/flux-prevent-plaque\/\",\"url\":\"https:\/\/fluxfluor.com\/fi\/tuote\/flux-prevent-plaque\/\",\"name\":\"Flux+ Prevent Plaque - Flux\",\"isPartOf\":{\"@id\":\"https:\/\/fluxfluor.com\/fi\/#website\"},\"primaryImageOfPage\":{\"@id\":\"https:\/\/fluxfluor.com\/fi\/tuote\/flux-prevent-plaque\/#primaryimage\"},\"image\":{\"@id\":\"https:\/\/fluxfluor.com\/fi\/tuote\/flux-prevent-plaque\/#primaryimage\"},\"thumbnailUrl\":\"https:\/\/fluxfluor.com\/app\/uploads\/sites\/4\/2023\/12\/SV_Prevent_Plaque.png\",\"datePublished\":\"2023-12-21T14:27:03+00:00\",\"dateModified\":\"2026-02-20T10:36:47+00:00\",\"description\":\"Flux+ Prevent Plaque on kaksivaikutteinen suuvesi: 1. Ehk\u00e4isee plakkia. 2. Vahvistaa hampaita ja ehk\u00e4isee hampaiden reikiintymist\u00e4 (kariesta), sis\u00e4lt\u00e4\u00e4 fluoridia (NaF 0,2 %).\",\"breadcrumb\":{\"@id\":\"https:\/\/fluxfluor.com\/fi\/tuote\/flux-prevent-plaque\/#breadcrumb\"},\"inLanguage\":\"fi-FI\",\"potentialAction\":[{\"@type\":\"ReadAction\",\"target\":[\"https:\/\/fluxfluor.com\/fi\/tuote\/flux-prevent-plaque\/\"]}]},{\"@type\":\"ImageObject\",\"inLanguage\":\"fi-FI\",\"@id\":\"https:\/\/fluxfluor.com\/fi\/tuote\/flux-prevent-plaque\/#primaryimage\",\"url\":\"https:\/\/fluxfluor.com\/app\/uploads\/sites\/4\/2023\/12\/SV_Prevent_Plaque.png\",\"contentUrl\":\"https:\/\/fluxfluor.com\/app\/uploads\/sites\/4\/2023\/12\/SV_Prevent_Plaque.png\",\"width\":800,\"height\":800,\"caption\":\"Prevent_Plaque\"},{\"@type\":\"BreadcrumbList\",\"@id\":\"https:\/\/fluxfluor.com\/fi\/tuote\/flux-prevent-plaque\/#breadcrumb\",\"itemListElement\":[{\"@type\":\"ListItem\",\"position\":1,\"name\":\"Home\",\"item\":\"https:\/\/fluxfluor.com\/fi\/\"},{\"@type\":\"ListItem\",\"position\":2,\"name\":\"Tuotteet\",\"item\":\"https:\/\/fluxfluor.com\/fi\/tuotteet\/\"},{\"@type\":\"ListItem\",\"position\":3,\"name\":\"Flux+ Prevent Plaque\"}]},{\"@type\":\"WebSite\",\"@id\":\"https:\/\/fluxfluor.com\/fi\/#website\",\"url\":\"https:\/\/fluxfluor.com\/fi\/\",\"name\":\"Flux\",\"description\":\"\",\"publisher\":{\"@id\":\"https:\/\/fluxfluor.com\/fi\/#organization\"},\"potentialAction\":[{\"@type\":\"SearchAction\",\"target\":{\"@type\":\"EntryPoint\",\"urlTemplate\":\"https:\/\/fluxfluor.com\/fi\/?s={search_term_string}\"},\"query-input\":{\"@type\":\"PropertyValueSpecification\",\"valueRequired\":true,\"valueName\":\"search_term_string\"}}],\"inLanguage\":\"fi-FI\"},{\"@type\":\"Organization\",\"@id\":\"https:\/\/fluxfluor.com\/fi\/#organization\",\"name\":\"Flux\",\"url\":\"https:\/\/fluxfluor.com\/fi\/\",\"logo\":{\"@type\":\"ImageObject\",\"inLanguage\":\"fi-FI\",\"@id\":\"https:\/\/fluxfluor.com\/fi\/#\/schema\/logo\/image\/\",\"url\":\"https:\/\/fluxfluor.com\/app\/uploads\/sites\/4\/2022\/06\/flux-logotype.png\",\"contentUrl\":\"https:\/\/fluxfluor.com\/app\/uploads\/sites\/4\/2022\/06\/flux-logotype.png\",\"width\":130,\"height\":32,\"caption\":\"Flux\"},\"image\":{\"@id\":\"https:\/\/fluxfluor.com\/fi\/#\/schema\/logo\/image\/\"}}]}<\/script>\n<!-- \/ Yoast SEO plugin. -->","yoast_head_json":{"title":"Flux+ Prevent Plaque - Flux","description":"Flux+ Prevent Plaque on kaksivaikutteinen suuvesi: 1. Ehk\u00e4isee plakkia. 2. Vahvistaa hampaita ja ehk\u00e4isee hampaiden reikiintymist\u00e4 (kariesta), sis\u00e4lt\u00e4\u00e4 fluoridia (NaF 0,2 %).","robots":{"index":"index","follow":"follow","max-snippet":"max-snippet:-1","max-image-preview":"max-image-preview:large","max-video-preview":"max-video-preview:-1"},"canonical":"https:\/\/fluxfluor.com\/fi\/tuote\/flux-prevent-plaque\/","og_locale":"fi_FI","og_type":"article","og_title":"Flux+ Prevent Plaque - Flux","og_description":"Flux+ Prevent Plaque on kaksivaikutteinen suuvesi: 1. Ehk\u00e4isee plakkia. 2. Vahvistaa hampaita ja ehk\u00e4isee hampaiden reikiintymist\u00e4 (kariesta), sis\u00e4lt\u00e4\u00e4 fluoridia (NaF 0,2 %).","og_url":"https:\/\/fluxfluor.com\/fi\/tuote\/flux-prevent-plaque\/","og_site_name":"Flux","article_modified_time":"2026-02-20T10:36:47+00:00","og_image":[{"width":800,"height":800,"url":"https:\/\/fluxfluor.com\/app\/uploads\/sites\/4\/2023\/12\/SV_Prevent_Plaque.png","type":"image\/png"}],"twitter_card":"summary_large_image","twitter_misc":{"Est. reading time":"1 minute"},"schema":{"@context":"https:\/\/schema.org","@graph":[{"@type":"WebPage","@id":"https:\/\/fluxfluor.com\/fi\/tuote\/flux-prevent-plaque\/","url":"https:\/\/fluxfluor.com\/fi\/tuote\/flux-prevent-plaque\/","name":"Flux+ Prevent Plaque - Flux","isPartOf":{"@id":"https:\/\/fluxfluor.com\/fi\/#website"},"primaryImageOfPage":{"@id":"https:\/\/fluxfluor.com\/fi\/tuote\/flux-prevent-plaque\/#primaryimage"},"image":{"@id":"https:\/\/fluxfluor.com\/fi\/tuote\/flux-prevent-plaque\/#primaryimage"},"thumbnailUrl":"https:\/\/fluxfluor.com\/app\/uploads\/sites\/4\/2023\/12\/SV_Prevent_Plaque.png","datePublished":"2023-12-21T14:27:03+00:00","dateModified":"2026-02-20T10:36:47+00:00","description":"Flux+ Prevent Plaque on kaksivaikutteinen suuvesi: 1. Ehk\u00e4isee plakkia. 2. Vahvistaa hampaita ja ehk\u00e4isee hampaiden reikiintymist\u00e4 (kariesta), sis\u00e4lt\u00e4\u00e4 fluoridia (NaF 0,2 %).","breadcrumb":{"@id":"https:\/\/fluxfluor.com\/fi\/tuote\/flux-prevent-plaque\/#breadcrumb"},"inLanguage":"fi-FI","potentialAction":[{"@type":"ReadAction","target":["https:\/\/fluxfluor.com\/fi\/tuote\/flux-prevent-plaque\/"]}]},{"@type":"ImageObject","inLanguage":"fi-FI","@id":"https:\/\/fluxfluor.com\/fi\/tuote\/flux-prevent-plaque\/#primaryimage","url":"https:\/\/fluxfluor.com\/app\/uploads\/sites\/4\/2023\/12\/SV_Prevent_Plaque.png","contentUrl":"https:\/\/fluxfluor.com\/app\/uploads\/sites\/4\/2023\/12\/SV_Prevent_Plaque.png","width":800,"height":800,"caption":"Prevent_Plaque"},{"@type":"BreadcrumbList","@id":"https:\/\/fluxfluor.com\/fi\/tuote\/flux-prevent-plaque\/#breadcrumb","itemListElement":[{"@type":"ListItem","position":1,"name":"Home","item":"https:\/\/fluxfluor.com\/fi\/"},{"@type":"ListItem","position":2,"name":"Tuotteet","item":"https:\/\/fluxfluor.com\/fi\/tuotteet\/"},{"@type":"ListItem","position":3,"name":"Flux+ Prevent Plaque"}]},{"@type":"WebSite","@id":"https:\/\/fluxfluor.com\/fi\/#website","url":"https:\/\/fluxfluor.com\/fi\/","name":"Flux","description":"","publisher":{"@id":"https:\/\/fluxfluor.com\/fi\/#organization"},"potentialAction":[{"@type":"SearchAction","target":{"@type":"EntryPoint","urlTemplate":"https:\/\/fluxfluor.com\/fi\/?s={search_term_string}"},"query-input":{"@type":"PropertyValueSpecification","valueRequired":true,"valueName":"search_term_string"}}],"inLanguage":"fi-FI"},{"@type":"Organization","@id":"https:\/\/fluxfluor.com\/fi\/#organization","name":"Flux","url":"https:\/\/fluxfluor.com\/fi\/","logo":{"@type":"ImageObject","inLanguage":"fi-FI","@id":"https:\/\/fluxfluor.com\/fi\/#\/schema\/logo\/image\/","url":"https:\/\/fluxfluor.com\/app\/uploads\/sites\/4\/2022\/06\/flux-logotype.png","contentUrl":"https:\/\/fluxfluor.com\/app\/uploads\/sites\/4\/2022\/06\/flux-logotype.png","width":130,"height":32,"caption":"Flux"},"image":{"@id":"https:\/\/fluxfluor.com\/fi\/#\/schema\/logo\/image\/"}}]}},"_links":{"self":[{"href":"https:\/\/fluxfluor.com\/fi\/wp-json\/wp\/v2\/product\/474","targetHints":{"allow":["GET"]}}],"collection":[{"href":"https:\/\/fluxfluor.com\/fi\/wp-json\/wp\/v2\/product"}],"about":[{"href":"https:\/\/fluxfluor.com\/fi\/wp-json\/wp\/v2\/types\/product"}],"replies":[{"embeddable":true,"href":"https:\/\/fluxfluor.com\/fi\/wp-json\/wp\/v2\/comments?post=474"}],"version-history":[{"count":7,"href":"https:\/\/fluxfluor.com\/fi\/wp-json\/wp\/v2\/product\/474\/revisions"}],"predecessor-version":[{"id":608,"href":"https:\/\/fluxfluor.com\/fi\/wp-json\/wp\/v2\/product\/474\/revisions\/608"}],"wp:featuredmedia":[{"embeddable":true,"href":"https:\/\/fluxfluor.com\/fi\/wp-json\/wp\/v2\/media\/575"}],"wp:attachment":[{"href":"https:\/\/fluxfluor.com\/fi\/wp-json\/wp\/v2\/media?parent=474"}],"wp:term":[{"taxonomy":"product_brand","embeddable":true,"href":"https:\/\/fluxfluor.com\/fi\/wp-json\/wp\/v2\/product_brand?post=474"},{"taxonomy":"product_cat","embeddable":true,"href":"https:\/\/fluxfluor.com\/fi\/wp-json\/wp\/v2\/product_cat?post=474"},{"taxonomy":"product_tag","embeddable":true,"href":"https:\/\/fluxfluor.com\/fi\/wp-json\/wp\/v2\/product_tag?post=474"}],"curies":[{"name":"wp","href":"https:\/\/api.w.org\/{rel}","templated":true}]}}